{"id":1047,"date":"2023-11-04T19:50:37","date_gmt":"2023-11-04T19:50:37","guid":{"rendered":"http:\/\/larissa-reinelt.com\/?post_type=product&#038;p=1047"},"modified":"2023-11-09T11:48:27","modified_gmt":"2023-11-09T11:48:27","slug":"how-to-learn-a-handstand","status":"publish","type":"product","link":"https:\/\/larissa-reinelt.com\/?product=how-to-learn-a-handstand","title":{"rendered":"How To Learn A Handstand"},"content":{"rendered":"<p><strong>Du wolltest schon immer mal \u00fcber Kopf stehen? Dir fehlt noch das n\u00f6tige \u201eKnow-How\u201c f\u00fcr das Erlernen eines sauber gestanden Handstands?<\/strong><\/p>\n<p>In diesem eBook bekommst du genau die Mobilit\u00e4ts- sowie Kr\u00e4ftigungs\u00fcbungen an die Hand, mit denen du dich optimal auf den Handstand vorbereitest.<\/p>\n<p>Darauf folgt eine Schritt-f\u00fcr-Schritt-Anleitung zum Erlernen deines perfekten Handstands.<\/p>\n<p>&nbsp;<\/p>\n<p>Viel Spa\u00df!<\/p>\n<p>&nbsp;<\/p>\n","protected":false},"excerpt":{"rendered":"<p>Du wolltest schon immer mal \u00fcber Kopf stehen? Dir fehlt noch das n\u00f6tige \u201eKnow-How\u201c f\u00fcr das Erlernen eines sauber gestanden Handstands? In diesem eBook bekommst du genau die Mobilit\u00e4ts- sowie Kr\u00e4ftigungs\u00fcbungen an die Hand, mit denen du dich optimal auf den Handstand vorbereitest. Darauf folgt eine Schritt-f\u00fcr-Schritt-Anleitung zum Erlernen deines perfekten Handstands. &nbsp; Viel Spa\u00df! &hellip; <\/p>\n","protected":false},"featured_media":1049,"comment_status":"open","ping_status":"closed","template":"","meta":[],"product_brand":[],"product_cat":[17,15],"product_tag":[],"class_list":{"0":"post-1047","1":"product","2":"type-product","3":"status-publish","4":"has-post-thumbnail","6":"product_cat-ebooks","7":"product_cat-unkategorisiert","9":"first","10":"instock","11":"downloadable","12":"virtual","13":"taxable","14":"purchasable","15":"product-type-simple"},"jetpack_sharing_enabled":true,"_links":{"self":[{"href":"https:\/\/larissa-reinelt.com\/index.php?rest_route=\/wp\/v2\/product\/1047","targetHints":{"allow":["GET"]}}],"collection":[{"href":"https:\/\/larissa-reinelt.com\/index.php?rest_route=\/wp\/v2\/product"}],"about":[{"href":"https:\/\/larissa-reinelt.com\/index.php?rest_route=\/wp\/v2\/types\/product"}],"replies":[{"embeddable":true,"href":"https:\/\/larissa-reinelt.com\/index.php?rest_route=%2Fwp%2Fv2%2Fcomments&post=1047"}],"wp:featuredmedia":[{"embeddable":true,"href":"https:\/\/larissa-reinelt.com\/index.php?rest_route=\/wp\/v2\/media\/1049"}],"wp:attachment":[{"href":"https:\/\/larissa-reinelt.com\/index.php?rest_route=%2Fwp%2Fv2%2Fmedia&parent=1047"}],"wp:term":[{"taxonomy":"product_brand","embeddable":true,"href":"https:\/\/larissa-reinelt.com\/index.php?rest_route=%2Fwp%2Fv2%2Fproduct_brand&post=1047"},{"taxonomy":"product_cat","embeddable":true,"href":"https:\/\/larissa-reinelt.com\/index.php?rest_route=%2Fwp%2Fv2%2Fproduct_cat&post=1047"},{"taxonomy":"product_tag","embeddable":true,"href":"https:\/\/larissa-reinelt.com\/index.php?rest_route=%2Fwp%2Fv2%2Fproduct_tag&post=1047"}],"curies":[{"name":"wp","href":"https:\/\/api.w.org\/{rel}","templated":true}]}}