{"id":1100,"date":"2023-12-09T00:37:44","date_gmt":"2023-12-09T00:37:44","guid":{"rendered":"http:\/\/larissa-reinelt.com\/?post_type=product&#038;p=1100"},"modified":"2025-01-09T15:54:33","modified_gmt":"2025-01-09T15:54:33","slug":"no-lift-no-gift-shaker","status":"publish","type":"product","link":"https:\/\/larissa-reinelt.com\/?product=no-lift-no-gift-shaker","title":{"rendered":"NO LIFT NO GIFT | SHAKER"},"content":{"rendered":"<p>Dieser hochwertige Shaker aus Edelstahl ist mit seinem Metall-Ball zwar einerseits ein klassischer Shaker, durch die Thermofunktion h\u00e4lt er in der kalten Vorweihnachtszeit aber auch deine Hei\u00dfgetr\u00e4nke warm.<\/p>\n<ul>\n<li>&#8222;NO LIFT NO GIFT&#8220;-Druck<\/li>\n<li>&#8222;LIFT TO GREATNESS&#8220;-Druck<\/li>\n<li>750ml<\/li>\n<li>Edelstahl<\/li>\n<li>schwarz<\/li>\n<li>dicht<\/li>\n<li>limitierte St\u00fcckzahl<\/li>\n<\/ul>\n<p>&nbsp;<\/p>\n<p>&nbsp;<\/p>\n<p>&nbsp;<\/p>\n<p>*der Shaker ist wom\u00f6glich nicht sp\u00fchlmaschinenfest<\/p>\n<p>&nbsp;<\/p>\n","protected":false},"excerpt":{"rendered":"<p>Dieser hochwertige Shaker aus Edelstahl ist mit seinem Metall-Ball zwar einerseits ein klassischer Shaker, durch die Thermofunktion h\u00e4lt er in der kalten Vorweihnachtszeit aber auch deine Hei\u00dfgetr\u00e4nke warm. &#8222;NO LIFT NO GIFT&#8220;-Druck &#8222;LIFT TO GREATNESS&#8220;-Druck 750ml Edelstahl schwarz dicht limitierte St\u00fcckzahl &nbsp; &nbsp; &nbsp; *der Shaker ist wom\u00f6glich nicht sp\u00fchlmaschinenfest &nbsp;<\/p>\n","protected":false},"featured_media":1103,"comment_status":"open","ping_status":"closed","template":"","meta":[],"product_brand":[],"product_cat":[44,15],"product_tag":[],"class_list":{"0":"post-1100","1":"product","2":"type-product","3":"status-publish","4":"has-post-thumbnail","6":"product_cat-shaker","7":"product_cat-unkategorisiert","9":"first","10":"instock","11":"taxable","12":"shipping-taxable","13":"purchasable","14":"product-type-simple"},"jetpack_sharing_enabled":true,"_links":{"self":[{"href":"https:\/\/larissa-reinelt.com\/index.php?rest_route=\/wp\/v2\/product\/1100","targetHints":{"allow":["GET"]}}],"collection":[{"href":"https:\/\/larissa-reinelt.com\/index.php?rest_route=\/wp\/v2\/product"}],"about":[{"href":"https:\/\/larissa-reinelt.com\/index.php?rest_route=\/wp\/v2\/types\/product"}],"replies":[{"embeddable":true,"href":"https:\/\/larissa-reinelt.com\/index.php?rest_route=%2Fwp%2Fv2%2Fcomments&post=1100"}],"wp:featuredmedia":[{"embeddable":true,"href":"https:\/\/larissa-reinelt.com\/index.php?rest_route=\/wp\/v2\/media\/1103"}],"wp:attachment":[{"href":"https:\/\/larissa-reinelt.com\/index.php?rest_route=%2Fwp%2Fv2%2Fmedia&parent=1100"}],"wp:term":[{"taxonomy":"product_brand","embeddable":true,"href":"https:\/\/larissa-reinelt.com\/index.php?rest_route=%2Fwp%2Fv2%2Fproduct_brand&post=1100"},{"taxonomy":"product_cat","embeddable":true,"href":"https:\/\/larissa-reinelt.com\/index.php?rest_route=%2Fwp%2Fv2%2Fproduct_cat&post=1100"},{"taxonomy":"product_tag","embeddable":true,"href":"https:\/\/larissa-reinelt.com\/index.php?rest_route=%2Fwp%2Fv2%2Fproduct_tag&post=1100"}],"curies":[{"name":"wp","href":"https:\/\/api.w.org\/{rel}","templated":true}]}}