{"id":1186,"date":"2024-01-16T23:20:04","date_gmt":"2024-01-16T23:20:04","guid":{"rendered":"http:\/\/larissa-reinelt.com\/?post_type=product&#038;p=1186"},"modified":"2024-02-10T16:59:20","modified_gmt":"2024-02-10T16:59:20","slug":"zoom-webinar-how-to-handle-your-health-supplement-business","status":"publish","type":"product","link":"https:\/\/larissa-reinelt.com\/?product=zoom-webinar-how-to-handle-your-health-supplement-business","title":{"rendered":"Aufzeichnung: &#8222;How To Handle Your Health-Supplement-Business&#8220;"},"content":{"rendered":"<h2>Inhalt<\/h2>\n<p>Dass Nahrungserg\u00e4nzungsmittel ein wirkungsvolles Instrument f\u00fcr verschiedene gesundheitliche Bereiche sein k\u00f6nnen, ist schon lange vielfach wissenschaftlich best\u00e4tigt.<\/p>\n<p>Aber welche Erg\u00e4nzung macht wann und in welcher Menge Sinn? Wir m\u00f6chten dir mit diesem Webinar eine Orientierung in deinem Supplement-Dschungel geben. Um ein m\u00f6glichst breites Themenfeld abzudecken, widmen wir uns neben allgemeinen Informationen vor allem den Bereichen:<\/p>\n<ul>\n<li>Immunsystem<\/li>\n<li>Antioxidantien<\/li>\n<li>Schilddr\u00fcse<\/li>\n<li>Zyklus- und allgemeine Frauengesundheit<\/li>\n<li>Verdauung<\/li>\n<\/ul>\n<p>Mit dem Kauf der Aufzeichnung erh\u00e4ltst du<\/p>\n<ul>\n<li>Aufzeichnung der Webinars (mit Video)<\/li>\n<li>Aufzeichnung des Webinars (nur Ton)<\/li>\n<li>Schriftliche Zusammenfassung\/Workbook<\/li>\n<\/ul>\n<p>Viel Spa\u00df w\u00fcnscht das L2G-Team, insbesondere:<\/p>\n<p>Deine Mia &amp; Larry<\/p>\n","protected":false},"excerpt":{"rendered":"<p>Inhalt Dass Nahrungserg\u00e4nzungsmittel ein wirkungsvolles Instrument f\u00fcr verschiedene gesundheitliche Bereiche sein k\u00f6nnen, ist schon lange vielfach wissenschaftlich best\u00e4tigt. Aber welche Erg\u00e4nzung macht wann und in welcher Menge Sinn? Wir m\u00f6chten dir mit diesem Webinar eine Orientierung in deinem Supplement-Dschungel geben. Um ein m\u00f6glichst breites Themenfeld abzudecken, widmen wir uns neben allgemeinen Informationen vor allem den &hellip; <\/p>\n","protected":false},"featured_media":1231,"comment_status":"open","ping_status":"closed","template":"","meta":[],"product_brand":[],"product_cat":[37],"product_tag":[],"class_list":{"0":"post-1186","1":"product","2":"type-product","3":"status-publish","4":"has-post-thumbnail","6":"product_cat-webinare","8":"first","9":"instock","10":"downloadable","11":"virtual","12":"taxable","13":"purchasable","14":"product-type-simple"},"jetpack_sharing_enabled":true,"_links":{"self":[{"href":"https:\/\/larissa-reinelt.com\/index.php?rest_route=\/wp\/v2\/product\/1186","targetHints":{"allow":["GET"]}}],"collection":[{"href":"https:\/\/larissa-reinelt.com\/index.php?rest_route=\/wp\/v2\/product"}],"about":[{"href":"https:\/\/larissa-reinelt.com\/index.php?rest_route=\/wp\/v2\/types\/product"}],"replies":[{"embeddable":true,"href":"https:\/\/larissa-reinelt.com\/index.php?rest_route=%2Fwp%2Fv2%2Fcomments&post=1186"}],"wp:featuredmedia":[{"embeddable":true,"href":"https:\/\/larissa-reinelt.com\/index.php?rest_route=\/wp\/v2\/media\/1231"}],"wp:attachment":[{"href":"https:\/\/larissa-reinelt.com\/index.php?rest_route=%2Fwp%2Fv2%2Fmedia&parent=1186"}],"wp:term":[{"taxonomy":"product_brand","embeddable":true,"href":"https:\/\/larissa-reinelt.com\/index.php?rest_route=%2Fwp%2Fv2%2Fproduct_brand&post=1186"},{"taxonomy":"product_cat","embeddable":true,"href":"https:\/\/larissa-reinelt.com\/index.php?rest_route=%2Fwp%2Fv2%2Fproduct_cat&post=1186"},{"taxonomy":"product_tag","embeddable":true,"href":"https:\/\/larissa-reinelt.com\/index.php?rest_route=%2Fwp%2Fv2%2Fproduct_tag&post=1186"}],"curies":[{"name":"wp","href":"https:\/\/api.w.org\/{rel}","templated":true}]}}