{"id":1241,"date":"2024-02-14T21:13:55","date_gmt":"2024-02-14T21:13:55","guid":{"rendered":"http:\/\/larissa-reinelt.com\/?post_type=product&#038;p=1241"},"modified":"2024-03-19T13:01:18","modified_gmt":"2024-03-19T13:01:18","slug":"webinar-how-to-handle-your-performance-supplement-business","status":"publish","type":"product","link":"https:\/\/larissa-reinelt.com\/?product=webinar-how-to-handle-your-performance-supplement-business","title":{"rendered":"Aufzeichnung: &#8222;How To Handle Your Performance Supplement Business&#8220;"},"content":{"rendered":"<h2>Inhalt<\/h2>\n<p>In dieser Aufzeichnung des vergangenen Zoom-Webinars geht es rund um das Thema &#8222;Performance Supplemente&#8220;. Da das \u00fcbergreifende Thema &#8222;Trainingsperformance&#8220; sehr weit zu verstehen ist, haben wir das Webinar der Einfachheit halber in folgende Themen geclustert:<\/p>\n<h3><em><strong>1. Pre-Workout<\/strong><\/em><\/h3>\n<p>Welche vor dem Training einzunehmende Supplemente gibt es und bei welchen Zielen k\u00f6nnen sie mir einen Vorteil bieten?<\/p>\n<h3><em><strong>2. Intra-Workout<\/strong><\/em><\/h3>\n<p>Wir stellen verschiedene Intro-Supplemente vor und vor allem aber gegen\u00fcber, z.B.:<\/p>\n<ul>\n<li>Maltodextrin vs. Cluster-Dextrin vs. Obst<\/li>\n<li>EAA vs. BCAA vs. Shake vs. einzelne Aminos\u00e4uren<\/li>\n<li>Elektrolyte<\/li>\n<li>Ausdauer- vs. Krafttraining- vs. Kraftausdauertraining<\/li>\n<\/ul>\n<h3><strong style=\"font-style: italic;\">3. Muskulatur und Gelenke<\/strong><\/h3>\n<p>Hier decken wir Themengebiete ab, wie z.B:<\/p>\n<ul>\n<li>(n\u00e4chtliche) Muskelkr\u00e4mpfe<\/li>\n<li>Arthrose\/Rheuma<\/li>\n<li>Entz\u00fcndungen<\/li>\n<li>Verletzungen<\/li>\n<\/ul>\n<h3><strong style=\"font-style: italic;\">4. Regeneration<\/strong><\/h3>\n<p>Vor allem spezifische Optimierungsthemen wie Regenerationsverbesserung, Schlafoptimierung, sowie allgemeine Stressreduktion und -konrolle.<\/p>\n<h3><strong>Du erh\u00e4ltst:<\/strong><\/h3>\n<p><em>ACHTUNG: Bei Kauf bitte den Download-Button dr\u00fccken! Damit erh\u00e4ltst du eine PDF-Datei, die dich \u00fcber einen Link zu folgenden Inhalten f\u00fchrt:<\/em><\/p>\n<ul>\n<li>\u00fcber 40 Seiten Zusammenfassung der theoretischen Inhalte des Webinars<\/li>\n<li>Aufzeichnung des Webinars (Video + Ton)<\/li>\n<li>Aufzeichnung des Webinars (nur Ton)<\/li>\n<li>Beispielshafte Supplement-Pl\u00e4ne<\/li>\n<li>10 L2G-Lizenzpunkte im Bereich &#8222;Nutrition&#8220;<\/li>\n<\/ul>\n<p>&nbsp;<\/p>\n<p>Viel Spa\u00df w\u00fcnscht das L2G-Team, insbesondere:<\/p>\n<p>Deine Mia &amp; Larry<\/p>\n","protected":false},"excerpt":{"rendered":"<p>Inhalt In dieser Aufzeichnung des vergangenen Zoom-Webinars geht es rund um das Thema &#8222;Performance Supplemente&#8220;. Da das \u00fcbergreifende Thema &#8222;Trainingsperformance&#8220; sehr weit zu verstehen ist, haben wir das Webinar der Einfachheit halber in folgende Themen geclustert: 1. Pre-Workout Welche vor dem Training einzunehmende Supplemente gibt es und bei welchen Zielen k\u00f6nnen sie mir einen Vorteil &hellip; <\/p>\n","protected":false},"featured_media":1282,"comment_status":"open","ping_status":"closed","template":"","meta":[],"product_brand":[],"product_cat":[37],"product_tag":[],"class_list":{"0":"post-1241","1":"product","2":"type-product","3":"status-publish","4":"has-post-thumbnail","6":"product_cat-webinare","8":"first","9":"instock","10":"downloadable","11":"virtual","12":"taxable","13":"purchasable","14":"product-type-simple"},"jetpack_sharing_enabled":true,"_links":{"self":[{"href":"https:\/\/larissa-reinelt.com\/index.php?rest_route=\/wp\/v2\/product\/1241","targetHints":{"allow":["GET"]}}],"collection":[{"href":"https:\/\/larissa-reinelt.com\/index.php?rest_route=\/wp\/v2\/product"}],"about":[{"href":"https:\/\/larissa-reinelt.com\/index.php?rest_route=\/wp\/v2\/types\/product"}],"replies":[{"embeddable":true,"href":"https:\/\/larissa-reinelt.com\/index.php?rest_route=%2Fwp%2Fv2%2Fcomments&post=1241"}],"wp:featuredmedia":[{"embeddable":true,"href":"https:\/\/larissa-reinelt.com\/index.php?rest_route=\/wp\/v2\/media\/1282"}],"wp:attachment":[{"href":"https:\/\/larissa-reinelt.com\/index.php?rest_route=%2Fwp%2Fv2%2Fmedia&parent=1241"}],"wp:term":[{"taxonomy":"product_brand","embeddable":true,"href":"https:\/\/larissa-reinelt.com\/index.php?rest_route=%2Fwp%2Fv2%2Fproduct_brand&post=1241"},{"taxonomy":"product_cat","embeddable":true,"href":"https:\/\/larissa-reinelt.com\/index.php?rest_route=%2Fwp%2Fv2%2Fproduct_cat&post=1241"},{"taxonomy":"product_tag","embeddable":true,"href":"https:\/\/larissa-reinelt.com\/index.php?rest_route=%2Fwp%2Fv2%2Fproduct_tag&post=1241"}],"curies":[{"name":"wp","href":"https:\/\/api.w.org\/{rel}","templated":true}]}}