{"id":1301,"date":"2024-04-23T14:35:52","date_gmt":"2024-04-23T14:35:52","guid":{"rendered":"http:\/\/larissa-reinelt.com\/?post_type=product&#038;p=1301"},"modified":"2025-11-23T11:09:56","modified_gmt":"2025-11-23T11:09:56","slug":"lifting-%e1%83%a6-shaker","status":"publish","type":"product","link":"https:\/\/larissa-reinelt.com\/?product=lifting-%e1%83%a6-shaker","title":{"rendered":"Lifting \u10e6 &#8211; Shaker"},"content":{"rendered":"<p>Dieser hochwertige Shaker aus Edelstahl ist mit seinem Metall-Ball zwar einerseits ein klassischer Shaker, durch die Thermofunktion h\u00e4lt er aber auch deine Hei\u00dfgetr\u00e4nke warm.<\/p>\n<ul>\n<li>&#8222;Lifting \u10e6 BECAUSE I HATE CARDIO AND EAT LIKE A FAT KID&#8220;-Druck<\/li>\n<li>&#8222;LIFT TO GREATNESS&#8220;-Druck<\/li>\n<li>750ml<\/li>\n<li>Edelstahl<\/li>\n<li>schwarz<\/li>\n<li>dicht<\/li>\n<li>limitierte St\u00fcckzahl<\/li>\n<li>Edelstahl-Ball<\/li>\n<\/ul>\n","protected":false},"excerpt":{"rendered":"<p>Dieser hochwertige Shaker aus Edelstahl ist mit seinem Metall-Ball zwar einerseits ein klassischer Shaker, durch die Thermofunktion h\u00e4lt er aber auch deine Hei\u00dfgetr\u00e4nke warm. &#8222;Lifting \u10e6 BECAUSE I HATE CARDIO AND EAT LIKE A FAT KID&#8220;-Druck &#8222;LIFT TO GREATNESS&#8220;-Druck 750ml Edelstahl schwarz dicht limitierte St\u00fcckzahl Edelstahl-Ball<\/p>\n","protected":false},"featured_media":1302,"comment_status":"open","ping_status":"closed","template":"","meta":[],"product_brand":[],"product_cat":[44,15],"product_tag":[],"class_list":{"0":"post-1301","1":"product","2":"type-product","3":"status-publish","4":"has-post-thumbnail","6":"product_cat-shaker","7":"product_cat-unkategorisiert","9":"first","10":"instock","11":"taxable","12":"shipping-taxable","13":"purchasable","14":"product-type-simple"},"jetpack_sharing_enabled":true,"_links":{"self":[{"href":"https:\/\/larissa-reinelt.com\/index.php?rest_route=\/wp\/v2\/product\/1301","targetHints":{"allow":["GET"]}}],"collection":[{"href":"https:\/\/larissa-reinelt.com\/index.php?rest_route=\/wp\/v2\/product"}],"about":[{"href":"https:\/\/larissa-reinelt.com\/index.php?rest_route=\/wp\/v2\/types\/product"}],"replies":[{"embeddable":true,"href":"https:\/\/larissa-reinelt.com\/index.php?rest_route=%2Fwp%2Fv2%2Fcomments&post=1301"}],"wp:featuredmedia":[{"embeddable":true,"href":"https:\/\/larissa-reinelt.com\/index.php?rest_route=\/wp\/v2\/media\/1302"}],"wp:attachment":[{"href":"https:\/\/larissa-reinelt.com\/index.php?rest_route=%2Fwp%2Fv2%2Fmedia&parent=1301"}],"wp:term":[{"taxonomy":"product_brand","embeddable":true,"href":"https:\/\/larissa-reinelt.com\/index.php?rest_route=%2Fwp%2Fv2%2Fproduct_brand&post=1301"},{"taxonomy":"product_cat","embeddable":true,"href":"https:\/\/larissa-reinelt.com\/index.php?rest_route=%2Fwp%2Fv2%2Fproduct_cat&post=1301"},{"taxonomy":"product_tag","embeddable":true,"href":"https:\/\/larissa-reinelt.com\/index.php?rest_route=%2Fwp%2Fv2%2Fproduct_tag&post=1301"}],"curies":[{"name":"wp","href":"https:\/\/api.w.org\/{rel}","templated":true}]}}