{"id":1331,"date":"2024-05-26T14:07:27","date_gmt":"2024-05-26T14:07:27","guid":{"rendered":"http:\/\/larissa-reinelt.com\/?post_type=product&#038;p=1331"},"modified":"2024-12-18T14:00:27","modified_gmt":"2024-12-18T14:00:27","slug":"insulin-fasten-ebook","status":"publish","type":"product","link":"https:\/\/larissa-reinelt.com\/?product=insulin-fasten-ebook","title":{"rendered":"Insulin-Fasten eBook"},"content":{"rendered":"<h2>Inhalt<\/h2>\n<p>Unser Blutzucker und unsere sog. Insulinsensivit\u00e4t haben nicht nur einen Einfluss darauf wie effektiv wir Muskulatur aufbauen und Fett verlieren, sondern auch auf sehr viele gesundheitliche Aspekte. Das Insulinfasten hat sich in Studien und vor allem aber in der Praxis als hoch-effizientes Tool erwiesen, um einen &#8222;au\u00dfer Kontrolle&#8220; geratenen Blutzucker wieder zu regulieren.<\/p>\n<p>Zus\u00e4tzlich zu einer Schritt-f\u00fcr-Schritt-Anleitung, erh\u00e4ltst du wertvolle Informationen \u00fcber Insulin, den Blutzucker und das Wichtigste: wie du auch nach dem Insulin-Fasten deinen Blutzucker reguliert bekommst.<\/p>\n<p><strong>Bedenke, dass dieses Werk urheberrechtlich gesch\u00fctzt ist. Eine Verbreitung des eBooks und damit geistigem Eigentums, ist nur mit ausdr\u00fccklichem Einverst\u00e4ndnis der Autorin Larissa Reinelt gestattet. Jeder Versto\u00df wird unverz\u00fcglich zur Anzeige gebracht.\u00a0<\/strong><\/p>\n<p>&nbsp;<\/p>\n","protected":false},"excerpt":{"rendered":"<p>Inhalt Unser Blutzucker und unsere sog. Insulinsensivit\u00e4t haben nicht nur einen Einfluss darauf wie effektiv wir Muskulatur aufbauen und Fett verlieren, sondern auch auf sehr viele gesundheitliche Aspekte. Das Insulinfasten hat sich in Studien und vor allem aber in der Praxis als hoch-effizientes Tool erwiesen, um einen &#8222;au\u00dfer Kontrolle&#8220; geratenen Blutzucker wieder zu regulieren. Zus\u00e4tzlich &hellip; <\/p>\n","protected":false},"featured_media":1333,"comment_status":"open","ping_status":"closed","template":"","meta":[],"product_brand":[],"product_cat":[17],"product_tag":[],"class_list":{"0":"post-1331","1":"product","2":"type-product","3":"status-publish","4":"has-post-thumbnail","6":"product_cat-ebooks","8":"first","9":"instock","10":"downloadable","11":"virtual","12":"taxable","13":"purchasable","14":"product-type-simple"},"jetpack_sharing_enabled":true,"_links":{"self":[{"href":"https:\/\/larissa-reinelt.com\/index.php?rest_route=\/wp\/v2\/product\/1331","targetHints":{"allow":["GET"]}}],"collection":[{"href":"https:\/\/larissa-reinelt.com\/index.php?rest_route=\/wp\/v2\/product"}],"about":[{"href":"https:\/\/larissa-reinelt.com\/index.php?rest_route=\/wp\/v2\/types\/product"}],"replies":[{"embeddable":true,"href":"https:\/\/larissa-reinelt.com\/index.php?rest_route=%2Fwp%2Fv2%2Fcomments&post=1331"}],"wp:featuredmedia":[{"embeddable":true,"href":"https:\/\/larissa-reinelt.com\/index.php?rest_route=\/wp\/v2\/media\/1333"}],"wp:attachment":[{"href":"https:\/\/larissa-reinelt.com\/index.php?rest_route=%2Fwp%2Fv2%2Fmedia&parent=1331"}],"wp:term":[{"taxonomy":"product_brand","embeddable":true,"href":"https:\/\/larissa-reinelt.com\/index.php?rest_route=%2Fwp%2Fv2%2Fproduct_brand&post=1331"},{"taxonomy":"product_cat","embeddable":true,"href":"https:\/\/larissa-reinelt.com\/index.php?rest_route=%2Fwp%2Fv2%2Fproduct_cat&post=1331"},{"taxonomy":"product_tag","embeddable":true,"href":"https:\/\/larissa-reinelt.com\/index.php?rest_route=%2Fwp%2Fv2%2Fproduct_tag&post=1331"}],"curies":[{"name":"wp","href":"https:\/\/api.w.org\/{rel}","templated":true}]}}