{"id":1494,"date":"2024-11-11T21:50:48","date_gmt":"2024-11-11T21:50:48","guid":{"rendered":"http:\/\/larissa-reinelt.com\/?post_type=product&#038;p=1494"},"modified":"2024-11-11T22:07:24","modified_gmt":"2024-11-11T22:07:24","slug":"webinar-binge-eating-bekaempfen","status":"publish","type":"product","link":"https:\/\/larissa-reinelt.com\/?product=webinar-binge-eating-bekaempfen","title":{"rendered":"Webinar &#8222;Binge Eating bek\u00e4mpfen&#8220;"},"content":{"rendered":"<h2>Inhalt<\/h2>\n<p>Menschen mit einer Binge-Eating-St\u00f6rung leiden unter immer wiederkehrenden und unkontrollierten Essanf\u00e4llen. In diesem Live-Zoom-Webinar m\u00f6chten wir uns mit dieser besonderen Form der Essst\u00f6rung besch\u00e4ftigen und dir durch die Beleuchtung von Ursachen, Tr\u00e4gern einerseits ein besseres Verst\u00e4ndnis der Erkrankung vermitteln und dir aber vor allem praktische Hilfestellungen liefern.<\/p>\n<h3><em><strong>1. Definition<\/strong><\/em><\/h3>\n<p>Was genau ist eine Binge-Eating-Disorder und wie ist sie zu anderen Essst\u00f6rungen abzugrenzen?<\/p>\n<h3><em><strong>2. Ursache vs. Trigger<\/strong><\/em><\/h3>\n<p>Was ist die die Ursache meiner BED und durch was werden die Essanf\u00e4lle immer wieder ausgel\u00f6st? Wenn du diese 2 Inhalte verinnerlichst, wird dir die folgende Bew\u00e4ltigung deutlich leichter fallen.<\/p>\n<h3><strong style=\"font-style: italic;\">3. Praktische Hilfestellung<\/strong><\/h3>\n<p>Mit welchen Tools kann ich die BED bek\u00e4mpfen?<\/p>\n<h3><strong>Du erh\u00e4ltst:<\/strong><\/h3>\n<ul>\n<li>Downloadbare PDF-Datei mit dem Zugangs-Link zum Live-Zoom-Webinar (ca. 2h)<\/li>\n<li>Aufzeichnung des Webinars (Video + Ton)<\/li>\n<li>Aufzeichnung des Webinars (nur Ton)<\/li>\n<li>Zusammenfassung\/Workbook<\/li>\n<\/ul>\n<p><strong>Nach dem Kauf musst du auf den Download-Button klicken um die PDF mit dem Link zu den Unterlagen downloaden zu k\u00f6nnen!<\/strong><\/p>\n<p>Viel Spa\u00df w\u00fcnscht das L2G-Team, insbesondere:<\/p>\n<p>Deine Lilli &amp; Larry<\/p>\n","protected":false},"excerpt":{"rendered":"<p>Inhalt Menschen mit einer Binge-Eating-St\u00f6rung leiden unter immer wiederkehrenden und unkontrollierten Essanf\u00e4llen. In diesem Live-Zoom-Webinar m\u00f6chten wir uns mit dieser besonderen Form der Essst\u00f6rung besch\u00e4ftigen und dir durch die Beleuchtung von Ursachen, Tr\u00e4gern einerseits ein besseres Verst\u00e4ndnis der Erkrankung vermitteln und dir aber vor allem praktische Hilfestellungen liefern. 1. Definition Was genau ist eine Binge-Eating-Disorder &hellip; <\/p>\n","protected":false},"featured_media":1495,"comment_status":"open","ping_status":"closed","template":"","meta":[],"product_brand":[],"product_cat":[37],"product_tag":[],"class_list":{"0":"post-1494","1":"product","2":"type-product","3":"status-publish","4":"has-post-thumbnail","6":"product_cat-webinare","8":"first","9":"instock","10":"downloadable","11":"virtual","12":"taxable","13":"purchasable","14":"product-type-simple"},"jetpack_sharing_enabled":true,"_links":{"self":[{"href":"https:\/\/larissa-reinelt.com\/index.php?rest_route=\/wp\/v2\/product\/1494","targetHints":{"allow":["GET"]}}],"collection":[{"href":"https:\/\/larissa-reinelt.com\/index.php?rest_route=\/wp\/v2\/product"}],"about":[{"href":"https:\/\/larissa-reinelt.com\/index.php?rest_route=\/wp\/v2\/types\/product"}],"replies":[{"embeddable":true,"href":"https:\/\/larissa-reinelt.com\/index.php?rest_route=%2Fwp%2Fv2%2Fcomments&post=1494"}],"wp:featuredmedia":[{"embeddable":true,"href":"https:\/\/larissa-reinelt.com\/index.php?rest_route=\/wp\/v2\/media\/1495"}],"wp:attachment":[{"href":"https:\/\/larissa-reinelt.com\/index.php?rest_route=%2Fwp%2Fv2%2Fmedia&parent=1494"}],"wp:term":[{"taxonomy":"product_brand","embeddable":true,"href":"https:\/\/larissa-reinelt.com\/index.php?rest_route=%2Fwp%2Fv2%2Fproduct_brand&post=1494"},{"taxonomy":"product_cat","embeddable":true,"href":"https:\/\/larissa-reinelt.com\/index.php?rest_route=%2Fwp%2Fv2%2Fproduct_cat&post=1494"},{"taxonomy":"product_tag","embeddable":true,"href":"https:\/\/larissa-reinelt.com\/index.php?rest_route=%2Fwp%2Fv2%2Fproduct_tag&post=1494"}],"curies":[{"name":"wp","href":"https:\/\/api.w.org\/{rel}","templated":true}]}}