{"id":1637,"date":"2025-02-04T23:30:35","date_gmt":"2025-02-04T23:30:35","guid":{"rendered":"http:\/\/larissa-reinelt.com\/?post_type=product&#038;p=1637"},"modified":"2025-08-06T00:15:39","modified_gmt":"2025-08-06T00:15:39","slug":"calm-mobility-matte","status":"publish","type":"product","link":"https:\/\/larissa-reinelt.com\/?product=calm-mobility-matte","title":{"rendered":"&#8222;Calm&#8220; Mobility Matte"},"content":{"rendered":"<h2>Entdecke die \u201eCALM\u201c Mobility Matte von URUZ \u2013 Nachhaltigkeit trifft auf Komfort<\/h2>\n<p><strong>Warum die \u201eCALM\u201c Matte von URUZ w\u00e4hlen?<\/strong><\/p>\n<ul>\n<li><strong>Nachhaltige Materialien:<\/strong> Hergestellt aus nat\u00fcrlichem Kork und einer rutschfesten Unterseite, bietet die <strong>URUZ &#8222;CALM&#8220;<\/strong> Matte Umweltfreundlichkeit und Haltbarkeit in einem.<\/li>\n<li><strong>Vielseitig und rutschfest:<\/strong> Egal ob Yoga, Pilates oder Mobility \u2013 genie\u00dfe stets optimalen Halt und Komfort.<\/li>\n<li><strong>F\u00fcr jeden geeignet:<\/strong> Ideal f\u00fcr M\u00e4nner und Frauen jeder Fitnessstufe, die ihre Beweglichkeit verbessern und ein gesundes Leben f\u00fchren m\u00f6chten.<\/li>\n<\/ul>\n<p><strong>Produktdetails:<\/strong><\/p>\n<ul>\n<li><strong>Oberfl\u00e4che:<\/strong> Nat\u00fcrlicher Kork und leicht zu reinigen.<\/li>\n<li><strong>Unterseite:<\/strong> Hochwertiges, rutschfestes Gummi.<\/li>\n<li><strong>Gr\u00f6\u00dfe:<\/strong> Standardma\u00dfe f\u00fcr Yoga- und Fitnessmatten.<\/li>\n<li><strong>Design:<\/strong> Elegantes, schlichtes Design mit dezentem motivierenden URUZ-Branding.<\/li>\n<\/ul>\n<p><strong>Vorteile der URUZ \u201eCALM\u201c Matte:<\/strong><\/p>\n<ul>\n<li><strong>Verbesserte Beweglichkeit:<\/strong> Perfekt f\u00fcr Dehnungs\u00fcbungen vor oder nach dem Training.<\/li>\n<li><strong>Schmerzreduktion:<\/strong> Unterst\u00fctzt ein schmerzfreieres Leben durch regelm\u00e4\u00dfige Bewegung.<\/li>\n<li><strong>Alltagstauglich:<\/strong> Ideal f\u00fcr Zuhause, das Fitnessstudio oder den Park.<\/li>\n<\/ul>\n<p><strong>Kaufen und einen Unterschied machen:<\/strong> Mit jedem Kauf der <strong>URUZ &#8222;CALM&#8220;<\/strong>\u00a0Matte unterst\u00fctzt du nicht nur deine Gesundheit, sondern auch nachhaltige Produktionspraktiken.<\/p>\n<p><strong>F\u00fcge die URUZ \u201eCALM\u201c Matte jetzt zu deinem Warenkorb hinzu und erlebe den Unterschied in deinem Training und deiner t\u00e4glichen Mobility Routine!<\/strong><\/p>\n","protected":false},"excerpt":{"rendered":"<p>Entdecke die \u201eCALM\u201c Mobility Matte von URUZ \u2013 Nachhaltigkeit trifft auf Komfort Warum die \u201eCALM\u201c Matte von URUZ w\u00e4hlen? Nachhaltige Materialien: Hergestellt aus nat\u00fcrlichem Kork und einer rutschfesten Unterseite, bietet die URUZ &#8222;CALM&#8220; Matte Umweltfreundlichkeit und Haltbarkeit in einem. Vielseitig und rutschfest: Egal ob Yoga, Pilates oder Mobility \u2013 genie\u00dfe stets optimalen Halt und Komfort. &hellip; <\/p>\n","protected":false},"featured_media":1638,"comment_status":"open","ping_status":"closed","template":"","meta":[],"product_brand":[],"product_cat":[45],"product_tag":[],"class_list":{"0":"post-1637","1":"product","2":"type-product","3":"status-publish","4":"has-post-thumbnail","6":"product_cat-uruz","8":"first","9":"outofstock","10":"taxable","11":"shipping-taxable","12":"purchasable","13":"product-type-simple"},"jetpack_sharing_enabled":true,"_links":{"self":[{"href":"https:\/\/larissa-reinelt.com\/index.php?rest_route=\/wp\/v2\/product\/1637","targetHints":{"allow":["GET"]}}],"collection":[{"href":"https:\/\/larissa-reinelt.com\/index.php?rest_route=\/wp\/v2\/product"}],"about":[{"href":"https:\/\/larissa-reinelt.com\/index.php?rest_route=\/wp\/v2\/types\/product"}],"replies":[{"embeddable":true,"href":"https:\/\/larissa-reinelt.com\/index.php?rest_route=%2Fwp%2Fv2%2Fcomments&post=1637"}],"wp:featuredmedia":[{"embeddable":true,"href":"https:\/\/larissa-reinelt.com\/index.php?rest_route=\/wp\/v2\/media\/1638"}],"wp:attachment":[{"href":"https:\/\/larissa-reinelt.com\/index.php?rest_route=%2Fwp%2Fv2%2Fmedia&parent=1637"}],"wp:term":[{"taxonomy":"product_brand","embeddable":true,"href":"https:\/\/larissa-reinelt.com\/index.php?rest_route=%2Fwp%2Fv2%2Fproduct_brand&post=1637"},{"taxonomy":"product_cat","embeddable":true,"href":"https:\/\/larissa-reinelt.com\/index.php?rest_route=%2Fwp%2Fv2%2Fproduct_cat&post=1637"},{"taxonomy":"product_tag","embeddable":true,"href":"https:\/\/larissa-reinelt.com\/index.php?rest_route=%2Fwp%2Fv2%2Fproduct_tag&post=1637"}],"curies":[{"name":"wp","href":"https:\/\/api.w.org\/{rel}","templated":true}]}}