{"id":1662,"date":"2025-02-05T01:36:50","date_gmt":"2025-02-05T01:36:50","guid":{"rendered":"http:\/\/larissa-reinelt.com\/?post_type=product&#038;p=1662"},"modified":"2026-03-04T15:00:54","modified_gmt":"2026-03-04T15:00:54","slug":"flexfit-shorts","status":"publish","type":"product","link":"https:\/\/larissa-reinelt.com\/?product=flexfit-shorts","title":{"rendered":"FlexFit Shorts"},"content":{"rendered":"<p><strong>Erlebe unvergleichlichen Komfort und Effizienz<\/strong><\/p>\n<p><strong>Gefertigt f\u00fcr Exzellenz:<\/strong> Entdecke den Inbegriff von Qualit\u00e4t mit den URUZ Gym Shorts. Mit Pr\u00e4zision und einem scharfen Blick f\u00fcr Details entworfen, sind diese Shorts nicht nur ein Kleidungsst\u00fcck, sondern ein Zeugnis \u00fcberlegener Handwerkskunst. Jeder Stich ist ein Versprechen f\u00fcr Haltbarkeit und Exzellenz und gew\u00e4hrleistet, dass deine Sportbekleidung den Strapazen deines Trainingsregimes standh\u00e4lt.<\/p>\n<p><strong>Revolution\u00e4re Schnelltrocknungstechnologie:<\/strong> Verabschiede dich von Unbehagen durch schwei\u00dfgetr\u00e4nkte Kleidung. Unsere fortschrittliche Schnelltrocknungstechnologie leitet Feuchtigkeit ab und h\u00e4lt dich trocken und komfortabel, egal wie intensiv dein Training ist. Diese innovative Funktion erm\u00f6glicht es dir, dich ausschlie\u00dflich auf deine Leistung zu konzentrieren, wodurch deine Gym-Sessions produktiver und angenehmer werden.<\/p>\n<p><strong>Perfekte Passform, Wie eine Zweite Haut:<\/strong> Erlebe das Gef\u00fchl einer ma\u00dfgeschneiderten Passform mit den URUZ Gym Shorts. Entworfen, um nahtlos deinem K\u00f6rper zu folgen, bewegen sich diese Shorts mit dir und bieten uneingeschr\u00e4nkte Bewegungsfreiheit. Das Gef\u00fchl einer &#8218;zweiten Haut&#8216; erh\u00f6ht nicht nur den Komfort, sondern auch dein Selbstvertrauen, sodass du auf deinem Leistungszenit agieren kannst.<\/p>\n<p><strong>Hebe dein Training mit der Kraft von Uruz:<\/strong> Jedes Paar URUZ Gym Shorts pr\u00e4sentiert stolz den hochwertigen Stick des Uruz-Rune, ein Symbol f\u00fcr St\u00e4rke und Ausdauer. Dieses Emblem ist nicht nur ein Designelement; es ist eine Erinnerung an die innere Kraft und Widerstandsf\u00e4higkeit, die in dir wohnt. Lass die Uruz-Rune dein Begleiter und deine Inspiration sein, wenn du deine Grenzen erweiterst und neue H\u00f6hen in deinem Fitness-Journey erreichst.<\/p>\n<p><strong>URUZ Gym Shorts &#8211; Wo Stil auf Funktionalit\u00e4t trifft:<\/strong> Ob du ins Gym gehst, l\u00e4ufst oder an einer sportlichen Aktivit\u00e4t teilnimmst, URUZ Gym Shorts sind dein idealer Partner. Ihr schickes Design und vielseitiger Stil machen sie geeignet f\u00fcr jeden Sport, w\u00e4hrend die au\u00dfergew\u00f6hnlichen Eigenschaften optimale Leistung und Komfort gew\u00e4hrleisten.<\/p>\n<p><strong>Tritt der URUZ-Revolution bei:<\/strong> Betritt eine Welt, in der Sportbekleidung \u00fcber Funktionalit\u00e4t hinausgeht. Mit den URUZ Gym Shorts kaufst du nicht nur ein Kleidungsst\u00fcck; du investierst in deine Leistung, deinen Komfort und deinen Stil. Umarme die URUZ-Lebensweise und hebe deine Fitness-Erfahrung auf ein neues Niveau.<\/p>\n","protected":false},"excerpt":{"rendered":"<p>Erlebe unvergleichlichen Komfort und Effizienz Gefertigt f\u00fcr Exzellenz: Entdecke den Inbegriff von Qualit\u00e4t mit den URUZ Gym Shorts. Mit Pr\u00e4zision und einem scharfen Blick f\u00fcr Details entworfen, sind diese Shorts nicht nur ein Kleidungsst\u00fcck, sondern ein Zeugnis \u00fcberlegener Handwerkskunst. Jeder Stich ist ein Versprechen f\u00fcr Haltbarkeit und Exzellenz und gew\u00e4hrleistet, dass deine Sportbekleidung den Strapazen &hellip; <\/p>\n","protected":false},"featured_media":1663,"comment_status":"open","ping_status":"closed","template":"","meta":[],"product_brand":[],"product_cat":[45],"product_tag":[],"class_list":{"0":"post-1662","1":"product","2":"type-product","3":"status-publish","4":"has-post-thumbnail","6":"product_cat-uruz","8":"first","9":"instock","10":"taxable","11":"shipping-taxable","12":"purchasable","13":"product-type-variable"},"jetpack_sharing_enabled":true,"_links":{"self":[{"href":"https:\/\/larissa-reinelt.com\/index.php?rest_route=\/wp\/v2\/product\/1662","targetHints":{"allow":["GET"]}}],"collection":[{"href":"https:\/\/larissa-reinelt.com\/index.php?rest_route=\/wp\/v2\/product"}],"about":[{"href":"https:\/\/larissa-reinelt.com\/index.php?rest_route=\/wp\/v2\/types\/product"}],"replies":[{"embeddable":true,"href":"https:\/\/larissa-reinelt.com\/index.php?rest_route=%2Fwp%2Fv2%2Fcomments&post=1662"}],"wp:featuredmedia":[{"embeddable":true,"href":"https:\/\/larissa-reinelt.com\/index.php?rest_route=\/wp\/v2\/media\/1663"}],"wp:attachment":[{"href":"https:\/\/larissa-reinelt.com\/index.php?rest_route=%2Fwp%2Fv2%2Fmedia&parent=1662"}],"wp:term":[{"taxonomy":"product_brand","embeddable":true,"href":"https:\/\/larissa-reinelt.com\/index.php?rest_route=%2Fwp%2Fv2%2Fproduct_brand&post=1662"},{"taxonomy":"product_cat","embeddable":true,"href":"https:\/\/larissa-reinelt.com\/index.php?rest_route=%2Fwp%2Fv2%2Fproduct_cat&post=1662"},{"taxonomy":"product_tag","embeddable":true,"href":"https:\/\/larissa-reinelt.com\/index.php?rest_route=%2Fwp%2Fv2%2Fproduct_tag&post=1662"}],"curies":[{"name":"wp","href":"https:\/\/api.w.org\/{rel}","templated":true}]}}