{"id":1672,"date":"2025-02-05T01:44:45","date_gmt":"2025-02-05T01:44:45","guid":{"rendered":"http:\/\/larissa-reinelt.com\/?post_type=product&#038;p=1672"},"modified":"2025-11-23T12:33:52","modified_gmt":"2025-11-23T12:33:52","slug":"fussschlaufe","status":"publish","type":"product","link":"https:\/\/larissa-reinelt.com\/?product=fussschlaufe","title":{"rendered":"Fu\u00dfschlaufe"},"content":{"rendered":"<p>Unsere URUZ Fu\u00dfschlaufen sind perfekt f\u00fcr ein Beintraining der Extraklasse!<\/p>\n<p>Dank 2 Metallringen f\u00fcr eine optimale Lastverteilung schneiden sie nicht ein und der Klett h\u00e4lt stets sicher.<\/p>\n<p>Schnelles \u00d6ffnen und Schlie\u00dfen garantiert! Mach jetzt das Beste aus deinem Beintraining \u2013 Den unsere URUZ Fu\u00dfschlaufen sind einzigartig!<\/p>\n","protected":false},"excerpt":{"rendered":"<p>Unsere URUZ Fu\u00dfschlaufen sind perfekt f\u00fcr ein Beintraining der Extraklasse! Dank 2 Metallringen f\u00fcr eine optimale Lastverteilung schneiden sie nicht ein und der Klett h\u00e4lt stets sicher. Schnelles \u00d6ffnen und Schlie\u00dfen garantiert! Mach jetzt das Beste aus deinem Beintraining \u2013 Den unsere URUZ Fu\u00dfschlaufen sind einzigartig!<\/p>\n","protected":false},"featured_media":1673,"comment_status":"open","ping_status":"closed","template":"","meta":[],"product_brand":[],"product_cat":[45],"product_tag":[],"class_list":{"0":"post-1672","1":"product","2":"type-product","3":"status-publish","4":"has-post-thumbnail","6":"product_cat-uruz","8":"first","9":"outofstock","10":"taxable","11":"shipping-taxable","12":"purchasable","13":"product-type-simple"},"jetpack_sharing_enabled":true,"_links":{"self":[{"href":"https:\/\/larissa-reinelt.com\/index.php?rest_route=\/wp\/v2\/product\/1672","targetHints":{"allow":["GET"]}}],"collection":[{"href":"https:\/\/larissa-reinelt.com\/index.php?rest_route=\/wp\/v2\/product"}],"about":[{"href":"https:\/\/larissa-reinelt.com\/index.php?rest_route=\/wp\/v2\/types\/product"}],"replies":[{"embeddable":true,"href":"https:\/\/larissa-reinelt.com\/index.php?rest_route=%2Fwp%2Fv2%2Fcomments&post=1672"}],"wp:featuredmedia":[{"embeddable":true,"href":"https:\/\/larissa-reinelt.com\/index.php?rest_route=\/wp\/v2\/media\/1673"}],"wp:attachment":[{"href":"https:\/\/larissa-reinelt.com\/index.php?rest_route=%2Fwp%2Fv2%2Fmedia&parent=1672"}],"wp:term":[{"taxonomy":"product_brand","embeddable":true,"href":"https:\/\/larissa-reinelt.com\/index.php?rest_route=%2Fwp%2Fv2%2Fproduct_brand&post=1672"},{"taxonomy":"product_cat","embeddable":true,"href":"https:\/\/larissa-reinelt.com\/index.php?rest_route=%2Fwp%2Fv2%2Fproduct_cat&post=1672"},{"taxonomy":"product_tag","embeddable":true,"href":"https:\/\/larissa-reinelt.com\/index.php?rest_route=%2Fwp%2Fv2%2Fproduct_tag&post=1672"}],"curies":[{"name":"wp","href":"https:\/\/api.w.org\/{rel}","templated":true}]}}