{"id":1738,"date":"2025-02-22T08:20:49","date_gmt":"2025-02-22T08:20:49","guid":{"rendered":"https:\/\/larissa-reinelt.com\/?post_type=product&#038;p=1738"},"modified":"2026-04-19T11:50:34","modified_gmt":"2026-04-19T11:50:34","slug":"booty-bands-3er-set","status":"publish","type":"product","link":"https:\/\/larissa-reinelt.com\/?product=booty-bands-3er-set","title":{"rendered":"Booty-Bands |\u00a03er-Set"},"content":{"rendered":"<p>Diese Loop-B\u00e4nder bringen dein Training auf ein neues Level!<\/p>\n<p>Egal ob du mehr <strong>Booty<\/strong> aufbauen, oder deine <strong>X-Beine korrigieren<\/strong> willst: Unsere Booty-B\u00e4nder sind der optimale Support f\u00fcr dein pers\u00f6nliches Ziel! Nutze sie sowohl frei (Seitl\u00e4ufe, Air Squat, Abduktoren-\u00dcbungen, Pilates, Bauch etc.) als auch als Add-On bei \u00dcbungen wie Beinpresse oder Kniebeugen.<\/p>\n<p>&nbsp;<\/p>\n<p><strong>Was du bekommst:<\/strong><\/p>\n<ul>\n<li>3 Bootyb\u00e4nder in 3 verschiedenen St\u00e4rken<\/li>\n<li>hochwertiger Stoff f\u00fcr maximale Langlebigkeit<\/li>\n<li>Kein Verrutschen oder Hochrollen durch eingearbeitete Gummischichten<\/li>\n<li>Netz-Tasche zum Transport deiner B\u00e4nder<\/li>\n<\/ul>\n<p>&nbsp;<\/p>\n<p>&nbsp;<\/p>\n<p>&nbsp;<\/p>\n","protected":false},"excerpt":{"rendered":"<p>Diese Loop-B\u00e4nder bringen dein Training auf ein neues Level! Egal ob du mehr Booty aufbauen, oder deine X-Beine korrigieren willst: Unsere Booty-B\u00e4nder sind der optimale Support f\u00fcr dein pers\u00f6nliches Ziel! Nutze sie sowohl frei (Seitl\u00e4ufe, Air Squat, Abduktoren-\u00dcbungen, Pilates, Bauch etc.) als auch als Add-On bei \u00dcbungen wie Beinpresse oder Kniebeugen. &nbsp; Was du bekommst: &hellip; <\/p>\n","protected":false},"featured_media":1740,"comment_status":"open","ping_status":"closed","template":"","meta":[],"product_brand":[],"product_cat":[45],"product_tag":[],"class_list":{"0":"post-1738","1":"product","2":"type-product","3":"status-publish","4":"has-post-thumbnail","6":"product_cat-uruz","8":"first","9":"instock","10":"taxable","11":"shipping-taxable","12":"purchasable","13":"product-type-simple"},"jetpack_sharing_enabled":true,"_links":{"self":[{"href":"https:\/\/larissa-reinelt.com\/index.php?rest_route=\/wp\/v2\/product\/1738","targetHints":{"allow":["GET"]}}],"collection":[{"href":"https:\/\/larissa-reinelt.com\/index.php?rest_route=\/wp\/v2\/product"}],"about":[{"href":"https:\/\/larissa-reinelt.com\/index.php?rest_route=\/wp\/v2\/types\/product"}],"replies":[{"embeddable":true,"href":"https:\/\/larissa-reinelt.com\/index.php?rest_route=%2Fwp%2Fv2%2Fcomments&post=1738"}],"wp:featuredmedia":[{"embeddable":true,"href":"https:\/\/larissa-reinelt.com\/index.php?rest_route=\/wp\/v2\/media\/1740"}],"wp:attachment":[{"href":"https:\/\/larissa-reinelt.com\/index.php?rest_route=%2Fwp%2Fv2%2Fmedia&parent=1738"}],"wp:term":[{"taxonomy":"product_brand","embeddable":true,"href":"https:\/\/larissa-reinelt.com\/index.php?rest_route=%2Fwp%2Fv2%2Fproduct_brand&post=1738"},{"taxonomy":"product_cat","embeddable":true,"href":"https:\/\/larissa-reinelt.com\/index.php?rest_route=%2Fwp%2Fv2%2Fproduct_cat&post=1738"},{"taxonomy":"product_tag","embeddable":true,"href":"https:\/\/larissa-reinelt.com\/index.php?rest_route=%2Fwp%2Fv2%2Fproduct_tag&post=1738"}],"curies":[{"name":"wp","href":"https:\/\/api.w.org\/{rel}","templated":true}]}}