{"id":1765,"date":"2025-03-14T06:18:38","date_gmt":"2025-03-14T06:18:38","guid":{"rendered":"https:\/\/larissa-reinelt.com\/?post_type=product&#038;p=1765"},"modified":"2026-04-19T11:51:24","modified_gmt":"2026-04-19T11:51:24","slug":"sturdy-bag-2","status":"publish","type":"product","link":"https:\/\/larissa-reinelt.com\/?product=sturdy-bag-2","title":{"rendered":"Sturdy Bag"},"content":{"rendered":"<p><strong>UNSERE GYM BAG &#8222;STURDY&#8220; AKA &#8222;EIN-ZIMMER-WOHNUNG&#8220;\u00a0<\/strong><\/p>\n<p>Die Sturdy Bag besticht nicht nur durch das verarbeitete und damit extrem langlebige <strong>Milit\u00e4rmaterial<\/strong>. Viele unauff\u00e4llig integrierte F\u00e4cher lassen keine W\u00fcnsche offen:<\/p>\n<ul>\n<li>ein Nassfach f\u00fcr deine verschwitzen Klamotten<\/li>\n<li>zwei Au\u00dfenf\u00e4chern an den langen Seiten<\/li>\n<li>einem gro\u00dfen Au\u00dfenfach (z.B. f\u00fcr Schuhe) mit nochmals eingen\u00e4hten kleineren F\u00e4chern (z.B. f\u00fcr deine Gymkarte, Handy, etc.)<\/li>\n<\/ul>\n<p>Zwei gro\u00dfe <strong>Klettfl\u00e4chen<\/strong> bieten dir au\u00dferdem die M\u00f6glichkeit deiner Sturdy Tag mit unseren Patches einen ganz pers\u00f6nlichen Touch zu verleihen.<\/p>\n<p>Mit der Tasche wird dir ein Strip geliefert, sodass du sie sowohl in der Hand tragen als auch umh\u00e4ngen kannst.<\/p>\n<p>Egal ob f\u00fcrs Gym oder zum Verreisen: hier haben deine Habseligkeiten nicht nur Platz sondern sind auch sicher.<\/p>\n","protected":false},"excerpt":{"rendered":"<p>UNSERE GYM BAG &#8222;STURDY&#8220; AKA &#8222;EIN-ZIMMER-WOHNUNG&#8220;\u00a0 Die Sturdy Bag besticht nicht nur durch das verarbeitete und damit extrem langlebige Milit\u00e4rmaterial. Viele unauff\u00e4llig integrierte F\u00e4cher lassen keine W\u00fcnsche offen: ein Nassfach f\u00fcr deine verschwitzen Klamotten zwei Au\u00dfenf\u00e4chern an den langen Seiten einem gro\u00dfen Au\u00dfenfach (z.B. f\u00fcr Schuhe) mit nochmals eingen\u00e4hten kleineren F\u00e4chern (z.B. f\u00fcr deine Gymkarte, &hellip; <\/p>\n","protected":false},"featured_media":1779,"comment_status":"open","ping_status":"closed","template":"","meta":[],"product_brand":[],"product_cat":[45],"product_tag":[],"class_list":{"0":"post-1765","1":"product","2":"type-product","3":"status-publish","4":"has-post-thumbnail","6":"product_cat-uruz","8":"first","9":"instock","10":"taxable","11":"shipping-taxable","12":"purchasable","13":"product-type-variable","14":"has-default-attributes"},"jetpack_sharing_enabled":true,"_links":{"self":[{"href":"https:\/\/larissa-reinelt.com\/index.php?rest_route=\/wp\/v2\/product\/1765","targetHints":{"allow":["GET"]}}],"collection":[{"href":"https:\/\/larissa-reinelt.com\/index.php?rest_route=\/wp\/v2\/product"}],"about":[{"href":"https:\/\/larissa-reinelt.com\/index.php?rest_route=\/wp\/v2\/types\/product"}],"replies":[{"embeddable":true,"href":"https:\/\/larissa-reinelt.com\/index.php?rest_route=%2Fwp%2Fv2%2Fcomments&post=1765"}],"wp:featuredmedia":[{"embeddable":true,"href":"https:\/\/larissa-reinelt.com\/index.php?rest_route=\/wp\/v2\/media\/1779"}],"wp:attachment":[{"href":"https:\/\/larissa-reinelt.com\/index.php?rest_route=%2Fwp%2Fv2%2Fmedia&parent=1765"}],"wp:term":[{"taxonomy":"product_brand","embeddable":true,"href":"https:\/\/larissa-reinelt.com\/index.php?rest_route=%2Fwp%2Fv2%2Fproduct_brand&post=1765"},{"taxonomy":"product_cat","embeddable":true,"href":"https:\/\/larissa-reinelt.com\/index.php?rest_route=%2Fwp%2Fv2%2Fproduct_cat&post=1765"},{"taxonomy":"product_tag","embeddable":true,"href":"https:\/\/larissa-reinelt.com\/index.php?rest_route=%2Fwp%2Fv2%2Fproduct_tag&post=1765"}],"curies":[{"name":"wp","href":"https:\/\/api.w.org\/{rel}","templated":true}]}}