{"id":1859,"date":"2025-04-09T11:30:28","date_gmt":"2025-04-09T11:30:28","guid":{"rendered":"https:\/\/larissa-reinelt.com\/?post_type=product&#038;p=1859"},"modified":"2026-04-19T11:51:24","modified_gmt":"2026-04-19T11:51:24","slug":"rocket-socks-until-i-win","status":"publish","type":"product","link":"https:\/\/larissa-reinelt.com\/?product=rocket-socks-until-i-win","title":{"rendered":"Rocket-Socks &#8222;UNTIL I WIN&#8220;"},"content":{"rendered":"<p><strong>WO SIND UNSERE RAKETEN? <\/strong><\/p>\n<p>Ein geiles Paar Highsocks werten nicht nur dein Trainings- sondern auch dein Alltagsoutfit auf. \u00a0F\u00fcr einen maximalen Komfort und eine l\u00e4ngere Haltbarkeit wurden die Socken an den Versen und den Zehen f\u00fcr dich verst\u00e4rkt.<\/p>\n<p>F\u00fcr unsere Highsocks wurde ausschlie\u00dflich hyperallergene Baumwolle verwendet.<\/p>\n<ul>\n<li>linker Socken: Raketenstick<\/li>\n<li>rechter Socken: &#8222;Until I Win&#8220;-Stick<\/li>\n<\/ul>\n<p>&nbsp;<\/p>\n","protected":false},"excerpt":{"rendered":"<p>WO SIND UNSERE RAKETEN? Ein geiles Paar Highsocks werten nicht nur dein Trainings- sondern auch dein Alltagsoutfit auf. \u00a0F\u00fcr einen maximalen Komfort und eine l\u00e4ngere Haltbarkeit wurden die Socken an den Versen und den Zehen f\u00fcr dich verst\u00e4rkt. F\u00fcr unsere Highsocks wurde ausschlie\u00dflich hyperallergene Baumwolle verwendet. linker Socken: Raketenstick rechter Socken: &#8222;Until I Win&#8220;-Stick &nbsp;<\/p>\n","protected":false},"featured_media":1893,"comment_status":"open","ping_status":"closed","template":"","meta":[],"product_brand":[],"product_cat":[45],"product_tag":[],"class_list":{"0":"post-1859","1":"product","2":"type-product","3":"status-publish","4":"has-post-thumbnail","6":"product_cat-uruz","7":"product_shipping_class-briefversand","9":"first","10":"instock","11":"taxable","12":"shipping-taxable","13":"purchasable","14":"product-type-variable"},"jetpack_sharing_enabled":true,"_links":{"self":[{"href":"https:\/\/larissa-reinelt.com\/index.php?rest_route=\/wp\/v2\/product\/1859","targetHints":{"allow":["GET"]}}],"collection":[{"href":"https:\/\/larissa-reinelt.com\/index.php?rest_route=\/wp\/v2\/product"}],"about":[{"href":"https:\/\/larissa-reinelt.com\/index.php?rest_route=\/wp\/v2\/types\/product"}],"replies":[{"embeddable":true,"href":"https:\/\/larissa-reinelt.com\/index.php?rest_route=%2Fwp%2Fv2%2Fcomments&post=1859"}],"wp:featuredmedia":[{"embeddable":true,"href":"https:\/\/larissa-reinelt.com\/index.php?rest_route=\/wp\/v2\/media\/1893"}],"wp:attachment":[{"href":"https:\/\/larissa-reinelt.com\/index.php?rest_route=%2Fwp%2Fv2%2Fmedia&parent=1859"}],"wp:term":[{"taxonomy":"product_brand","embeddable":true,"href":"https:\/\/larissa-reinelt.com\/index.php?rest_route=%2Fwp%2Fv2%2Fproduct_brand&post=1859"},{"taxonomy":"product_cat","embeddable":true,"href":"https:\/\/larissa-reinelt.com\/index.php?rest_route=%2Fwp%2Fv2%2Fproduct_cat&post=1859"},{"taxonomy":"product_tag","embeddable":true,"href":"https:\/\/larissa-reinelt.com\/index.php?rest_route=%2Fwp%2Fv2%2Fproduct_tag&post=1859"}],"curies":[{"name":"wp","href":"https:\/\/api.w.org\/{rel}","templated":true}]}}