{"id":195,"date":"2020-07-12T10:34:30","date_gmt":"2020-07-12T10:34:30","guid":{"rendered":"http:\/\/larissa-reinelt.com\/?post_type=product&#038;p=195"},"modified":"2021-05-17T08:45:26","modified_gmt":"2021-05-17T08:45:26","slug":"mdein-weg-aus-der-skoliose-ebook","status":"publish","type":"product","link":"https:\/\/larissa-reinelt.com\/?product=mdein-weg-aus-der-skoliose-ebook","title":{"rendered":"M(D)ein Weg aus der Skoliose eBook"},"content":{"rendered":"<p>Skoliose ist nicht nur optisch unsch\u00f6n, sondern langfristig eine gro\u00dfe gesundheitliche Belastung. Schmerzen, vorzeitiger Verschlei\u00df und h\u00e4ufige Bandscheibenvorf\u00e4lle sind nur einige von vielen Folgen einer unbehandelten Skoliose. Ich m\u00f6chte dir mit diesem eBook durch meine eigene Skoliose-Geschichte Mut machen, dass es einen Ausweg gibt! Au\u00dferdem gebe ich dir sinnvolle und gezielte \u00dcbungen an die Hand um gegen die Skoliose zu arbeiten.<\/p>\n","protected":false},"excerpt":{"rendered":"<p>Skoliose ist nicht nur optisch unsch\u00f6n, sondern langfristig eine gro\u00dfe gesundheitliche Belastung. Schmerzen, vorzeitiger Verschlei\u00df und h\u00e4ufige Bandscheibenvorf\u00e4lle sind nur einige von vielen Folgen einer unbehandelten Skoliose. Ich m\u00f6chte dir mit diesem eBook durch meine eigene Skoliose-Geschichte Mut machen, dass es einen Ausweg gibt! Au\u00dferdem gebe ich dir sinnvolle und gezielte \u00dcbungen an die Hand &hellip; <\/p>\n","protected":false},"featured_media":197,"comment_status":"open","ping_status":"closed","template":"","meta":[],"product_brand":[],"product_cat":[15],"product_tag":[],"class_list":{"0":"post-195","1":"product","2":"type-product","3":"status-publish","4":"has-post-thumbnail","6":"product_cat-unkategorisiert","8":"first","9":"instock","10":"downloadable","11":"virtual","12":"taxable","13":"purchasable","14":"product-type-simple"},"jetpack_sharing_enabled":true,"_links":{"self":[{"href":"https:\/\/larissa-reinelt.com\/index.php?rest_route=\/wp\/v2\/product\/195","targetHints":{"allow":["GET"]}}],"collection":[{"href":"https:\/\/larissa-reinelt.com\/index.php?rest_route=\/wp\/v2\/product"}],"about":[{"href":"https:\/\/larissa-reinelt.com\/index.php?rest_route=\/wp\/v2\/types\/product"}],"replies":[{"embeddable":true,"href":"https:\/\/larissa-reinelt.com\/index.php?rest_route=%2Fwp%2Fv2%2Fcomments&post=195"}],"wp:featuredmedia":[{"embeddable":true,"href":"https:\/\/larissa-reinelt.com\/index.php?rest_route=\/wp\/v2\/media\/197"}],"wp:attachment":[{"href":"https:\/\/larissa-reinelt.com\/index.php?rest_route=%2Fwp%2Fv2%2Fmedia&parent=195"}],"wp:term":[{"taxonomy":"product_brand","embeddable":true,"href":"https:\/\/larissa-reinelt.com\/index.php?rest_route=%2Fwp%2Fv2%2Fproduct_brand&post=195"},{"taxonomy":"product_cat","embeddable":true,"href":"https:\/\/larissa-reinelt.com\/index.php?rest_route=%2Fwp%2Fv2%2Fproduct_cat&post=195"},{"taxonomy":"product_tag","embeddable":true,"href":"https:\/\/larissa-reinelt.com\/index.php?rest_route=%2Fwp%2Fv2%2Fproduct_tag&post=195"}],"curies":[{"name":"wp","href":"https:\/\/api.w.org\/{rel}","templated":true}]}}