{"id":2021,"date":"2025-05-27T08:32:26","date_gmt":"2025-05-27T08:32:26","guid":{"rendered":"https:\/\/larissa-reinelt.com\/?post_type=product&#038;p=2021"},"modified":"2026-04-19T11:50:33","modified_gmt":"2026-04-19T11:50:33","slug":"3er-pack-nose-strips","status":"publish","type":"product","link":"https:\/\/larissa-reinelt.com\/?product=3er-pack-nose-strips","title":{"rendered":"3er-Pack Nose Strips"},"content":{"rendered":"<p><strong>ENDLICH RICHTIG ATMEN<\/strong><\/p>\n<p><strong>Beim Schlafen:\u00a0<\/strong>Du wei\u00dft, dass du nachts schlecht Luft bekommst oder hat dich vielleicht sogar dein Partner schon auf dein Schnarchen angesprochen? Reduziere Dein Schnarchen &amp; verbessere Deine Sauerstoffaufnahme f\u00fcr erholsamen Schlaf mit unseren Nose Strips.<\/p>\n<p><strong>Beim Sport und im Alltag:\u00a0<\/strong>Eine gute Sauerstoffversorgung gew\u00e4hrleistet uns im Alltag eine gute Konzentration und weniger M\u00fcdigkeit. Vor allem aber unter k\u00f6rperlicher Belastung wie beim Sport ist ausreichend Sauerstoff elementar um dem Mehrverbrauch der Muskulatur gerecht zu werden.<\/p>\n<p><strong>Weltweit einmaliger hypoallergener Kleber:<\/strong> Der Kleber der Nase Strips ist nicht nur hypoallergen, sondern auch maximal best\u00e4ndig. Wenn du deine Nase vor dem Aufkleben von Schwei\u00df- und Schmutzr\u00fcckst\u00e4nden reinigst, halten unsere Nose Strips sowohl dein schwei\u00dftreibendes Training, als auch Duschen aus. Unser atmungsaktives Nasenpflaster ist optimal f\u00fcr sensible Haut geeignet &amp; sorgt f\u00fcr ein angenehm sanftes Tragegef\u00fchl.<\/p>\n<p><strong>Anwendung:<\/strong><\/p>\n<ul>\n<li>die Nase mit einem feuchten (Reinigungs-) Tuch von R\u00fcckst\u00e4nden befreien<\/li>\n<li>mit einem Handtuch trocknen<\/li>\n<li>Nasenfl\u00fcgel leicht aufspreitzen<\/li>\n<li>Pflaster kurz \u00fcber den Nasenfl\u00fcgeln aufkleben<\/li>\n<li>ein paar mal \u00fcber das aufgeklebte Pflaster streifen um den Klebstoff zu aktivieren<\/li>\n<\/ul>\n<p><strong>Mit diesem 3er-Pack hast du deinen 3-Monats-Vorrat sicher!<\/strong><\/p>\n","protected":false},"excerpt":{"rendered":"<p>ENDLICH RICHTIG ATMEN Beim Schlafen:\u00a0Du wei\u00dft, dass du nachts schlecht Luft bekommst oder hat dich vielleicht sogar dein Partner schon auf dein Schnarchen angesprochen? Reduziere Dein Schnarchen &amp; verbessere Deine Sauerstoffaufnahme f\u00fcr erholsamen Schlaf mit unseren Nose Strips. Beim Sport und im Alltag:\u00a0Eine gute Sauerstoffversorgung gew\u00e4hrleistet uns im Alltag eine gute Konzentration und weniger M\u00fcdigkeit. &hellip; <\/p>\n","protected":false},"featured_media":1736,"comment_status":"open","ping_status":"closed","template":"","meta":[],"product_brand":[],"product_cat":[45],"product_tag":[],"class_list":{"0":"post-2021","1":"product","2":"type-product","3":"status-publish","4":"has-post-thumbnail","6":"product_cat-uruz","7":"product_shipping_class-briefversand","9":"first","10":"instock","11":"taxable","12":"shipping-taxable","13":"purchasable","14":"product-type-simple"},"jetpack_sharing_enabled":true,"_links":{"self":[{"href":"https:\/\/larissa-reinelt.com\/index.php?rest_route=\/wp\/v2\/product\/2021","targetHints":{"allow":["GET"]}}],"collection":[{"href":"https:\/\/larissa-reinelt.com\/index.php?rest_route=\/wp\/v2\/product"}],"about":[{"href":"https:\/\/larissa-reinelt.com\/index.php?rest_route=\/wp\/v2\/types\/product"}],"replies":[{"embeddable":true,"href":"https:\/\/larissa-reinelt.com\/index.php?rest_route=%2Fwp%2Fv2%2Fcomments&post=2021"}],"wp:featuredmedia":[{"embeddable":true,"href":"https:\/\/larissa-reinelt.com\/index.php?rest_route=\/wp\/v2\/media\/1736"}],"wp:attachment":[{"href":"https:\/\/larissa-reinelt.com\/index.php?rest_route=%2Fwp%2Fv2%2Fmedia&parent=2021"}],"wp:term":[{"taxonomy":"product_brand","embeddable":true,"href":"https:\/\/larissa-reinelt.com\/index.php?rest_route=%2Fwp%2Fv2%2Fproduct_brand&post=2021"},{"taxonomy":"product_cat","embeddable":true,"href":"https:\/\/larissa-reinelt.com\/index.php?rest_route=%2Fwp%2Fv2%2Fproduct_cat&post=2021"},{"taxonomy":"product_tag","embeddable":true,"href":"https:\/\/larissa-reinelt.com\/index.php?rest_route=%2Fwp%2Fv2%2Fproduct_tag&post=2021"}],"curies":[{"name":"wp","href":"https:\/\/api.w.org\/{rel}","templated":true}]}}