{"id":258,"date":"2021-03-18T19:21:15","date_gmt":"2021-03-18T19:21:15","guid":{"rendered":"http:\/\/larissa-reinelt.com\/?post_type=product&#038;p=258"},"modified":"2021-03-18T19:21:15","modified_gmt":"2021-03-18T19:21:15","slug":"back-to-gym-guide","status":"publish","type":"product","link":"https:\/\/larissa-reinelt.com\/?product=back-to-gym-guide","title":{"rendered":"Back-To-Gym-Guide"},"content":{"rendered":"<p>F\u00fcr deinen Wiedereinstieg ins Gym-Training ist es enorm wichtig deinen K\u00f6rper nicht zu \u00fcberfordern. Ge\u00f6ffnete Studios bringen dir nichts, wenn du dich direkt wieder verletzt. Dieser Guide bietet dir einen vollumf\u00e4nglichen Trainingsplan &#8211; inklusive Mobility\u00fcbungen und wertvollen Tipps &#8211; f\u00fcr die ersten 2 Wochen.<\/p>\n","protected":false},"excerpt":{"rendered":"<p>F\u00fcr deinen Wiedereinstieg ins Gym-Training ist es enorm wichtig deinen K\u00f6rper nicht zu \u00fcberfordern. Ge\u00f6ffnete Studios bringen dir nichts, wenn du dich direkt wieder verletzt. Dieser Guide bietet dir einen vollumf\u00e4nglichen Trainingsplan &#8211; inklusive Mobility\u00fcbungen und wertvollen Tipps &#8211; f\u00fcr die ersten 2 Wochen.<\/p>\n","protected":false},"featured_media":27,"comment_status":"open","ping_status":"closed","template":"","meta":[],"product_brand":[],"product_cat":[17],"product_tag":[],"class_list":{"0":"post-258","1":"product","2":"type-product","3":"status-publish","4":"has-post-thumbnail","6":"product_cat-ebooks","8":"first","9":"instock","10":"downloadable","11":"virtual","12":"taxable","13":"purchasable","14":"product-type-simple"},"jetpack_sharing_enabled":true,"_links":{"self":[{"href":"https:\/\/larissa-reinelt.com\/index.php?rest_route=\/wp\/v2\/product\/258","targetHints":{"allow":["GET"]}}],"collection":[{"href":"https:\/\/larissa-reinelt.com\/index.php?rest_route=\/wp\/v2\/product"}],"about":[{"href":"https:\/\/larissa-reinelt.com\/index.php?rest_route=\/wp\/v2\/types\/product"}],"replies":[{"embeddable":true,"href":"https:\/\/larissa-reinelt.com\/index.php?rest_route=%2Fwp%2Fv2%2Fcomments&post=258"}],"wp:featuredmedia":[{"embeddable":true,"href":"https:\/\/larissa-reinelt.com\/index.php?rest_route=\/wp\/v2\/media\/27"}],"wp:attachment":[{"href":"https:\/\/larissa-reinelt.com\/index.php?rest_route=%2Fwp%2Fv2%2Fmedia&parent=258"}],"wp:term":[{"taxonomy":"product_brand","embeddable":true,"href":"https:\/\/larissa-reinelt.com\/index.php?rest_route=%2Fwp%2Fv2%2Fproduct_brand&post=258"},{"taxonomy":"product_cat","embeddable":true,"href":"https:\/\/larissa-reinelt.com\/index.php?rest_route=%2Fwp%2Fv2%2Fproduct_cat&post=258"},{"taxonomy":"product_tag","embeddable":true,"href":"https:\/\/larissa-reinelt.com\/index.php?rest_route=%2Fwp%2Fv2%2Fproduct_tag&post=258"}],"curies":[{"name":"wp","href":"https:\/\/api.w.org\/{rel}","templated":true}]}}