{"id":270,"date":"2021-03-25T15:08:29","date_gmt":"2021-03-25T15:08:29","guid":{"rendered":"http:\/\/larissa-reinelt.com\/?post_type=product&#038;p=270"},"modified":"2022-11-27T19:35:24","modified_gmt":"2022-11-27T19:35:24","slug":"lzt-i-2","status":"publish","type":"product","link":"https:\/\/larissa-reinelt.com\/?product=lzt-i-2","title":{"rendered":"LZT I Men GYM"},"content":{"rendered":"<p>Dieses LZT 1 &#8211; Format ist<\/p>\n<ul>\n<li>f\u00fcrs <strong>Fitnessstudio<\/strong><\/li>\n<li>speziell f\u00fcr <strong>M\u00e4nner<\/strong><\/li>\n<li>ein 3er Split (Push + Pull + Beine)<\/li>\n<li><strong>nicht<\/strong> f\u00fcr absolute Einsteiger<\/li>\n<li>im <strong>Excel<\/strong>-Format<\/li>\n<li>im besten Fall per PC herunterzuladen<\/li>\n<li>f\u00fcr insgesamt <strong>30 Trainingseinheiten<\/strong> ausgelegt<\/li>\n<li>verdammt hart ABER verdammt effektiv<\/li>\n<\/ul>\n","protected":false},"excerpt":{"rendered":"<p>Dieses LZT 1 &#8211; Format ist f\u00fcrs Fitnessstudio speziell f\u00fcr M\u00e4nner ein 3er Split (Push + Pull + Beine) nicht f\u00fcr absolute Einsteiger im Excel-Format im besten Fall per PC herunterzuladen f\u00fcr insgesamt 30 Trainingseinheiten ausgelegt verdammt hart ABER verdammt effektiv<\/p>\n","protected":false},"featured_media":586,"comment_status":"open","ping_status":"closed","template":"","meta":[],"product_brand":[],"product_cat":[36],"product_tag":[],"class_list":{"0":"post-270","1":"product","2":"type-product","3":"status-publish","4":"has-post-thumbnail","6":"product_cat-trainingsplaene","8":"first","9":"instock","10":"downloadable","11":"virtual","12":"taxable","13":"purchasable","14":"product-type-simple"},"jetpack_sharing_enabled":true,"_links":{"self":[{"href":"https:\/\/larissa-reinelt.com\/index.php?rest_route=\/wp\/v2\/product\/270","targetHints":{"allow":["GET"]}}],"collection":[{"href":"https:\/\/larissa-reinelt.com\/index.php?rest_route=\/wp\/v2\/product"}],"about":[{"href":"https:\/\/larissa-reinelt.com\/index.php?rest_route=\/wp\/v2\/types\/product"}],"replies":[{"embeddable":true,"href":"https:\/\/larissa-reinelt.com\/index.php?rest_route=%2Fwp%2Fv2%2Fcomments&post=270"}],"wp:featuredmedia":[{"embeddable":true,"href":"https:\/\/larissa-reinelt.com\/index.php?rest_route=\/wp\/v2\/media\/586"}],"wp:attachment":[{"href":"https:\/\/larissa-reinelt.com\/index.php?rest_route=%2Fwp%2Fv2%2Fmedia&parent=270"}],"wp:term":[{"taxonomy":"product_brand","embeddable":true,"href":"https:\/\/larissa-reinelt.com\/index.php?rest_route=%2Fwp%2Fv2%2Fproduct_brand&post=270"},{"taxonomy":"product_cat","embeddable":true,"href":"https:\/\/larissa-reinelt.com\/index.php?rest_route=%2Fwp%2Fv2%2Fproduct_cat&post=270"},{"taxonomy":"product_tag","embeddable":true,"href":"https:\/\/larissa-reinelt.com\/index.php?rest_route=%2Fwp%2Fv2%2Fproduct_tag&post=270"}],"curies":[{"name":"wp","href":"https:\/\/api.w.org\/{rel}","templated":true}]}}