{"id":459,"date":"2022-07-01T14:56:42","date_gmt":"2022-07-01T14:56:42","guid":{"rendered":"http:\/\/larissa-reinelt.com\/?post_type=product&#038;p=459"},"modified":"2022-11-22T13:00:29","modified_gmt":"2022-11-22T13:00:29","slug":"459","status":"publish","type":"product","link":"https:\/\/larissa-reinelt.com\/?product=459","title":{"rendered":"LZT IV Women Gym"},"content":{"rendered":"<p>Mit diesem<b>\u00a0LZT IV<\/b>\u00a0erh\u00e4ltst du den vierten von insgesamt 8 von mir entwickelten Trainingszyklen. Die Inhalte basieren aus \u00fcber 10 Jahren Erfahrung als Athletin und Trainerin.<\/p>\n<ul>\n<li>f\u00fcrs <strong>Fitnessstudio<\/strong><\/li>\n<li>speziell f\u00fcr <strong>Frauen<\/strong><\/li>\n<li>ein 4er-Split (2x Beine + Pull + Push)<\/li>\n<li>um <strong>Mobility-und Athletik<\/strong>-\u00dcbungen erg\u00e4nzt<\/li>\n<li>mit <strong>\u00dcbungs-Erkl\u00e4rungen<\/strong>\u00a0in Videoformat versehen<\/li>\n<li><strong>nicht<\/strong> f\u00fcr absolute Einsteiger geeignet<\/li>\n<li>im <strong>Excel<\/strong>-Format<\/li>\n<li>im besten Fall per PC herunterzuladen<\/li>\n<li>f\u00fcr insgesamt <strong>48 Trainingseinheiten<\/strong> ausgelegt<\/li>\n<li>verdammt hart ABER verdammt effektiv<\/li>\n<\/ul>\n","protected":false},"excerpt":{"rendered":"<p>Mit diesem\u00a0LZT IV\u00a0erh\u00e4ltst du den vierten von insgesamt 8 von mir entwickelten Trainingszyklen. Die Inhalte basieren aus \u00fcber 10 Jahren Erfahrung als Athletin und Trainerin. f\u00fcrs Fitnessstudio speziell f\u00fcr Frauen ein 4er-Split (2x Beine + Pull + Push) um Mobility-und Athletik-\u00dcbungen erg\u00e4nzt mit \u00dcbungs-Erkl\u00e4rungen\u00a0in Videoformat versehen nicht f\u00fcr absolute Einsteiger geeignet im Excel-Format im besten &hellip; <\/p>\n","protected":false},"featured_media":460,"comment_status":"open","ping_status":"closed","template":"","meta":[],"product_brand":[],"product_cat":[36],"product_tag":[],"class_list":{"0":"post-459","1":"product","2":"type-product","3":"status-publish","4":"has-post-thumbnail","6":"product_cat-trainingsplaene","8":"first","9":"instock","10":"downloadable","11":"virtual","12":"taxable","13":"purchasable","14":"product-type-simple"},"jetpack_sharing_enabled":true,"_links":{"self":[{"href":"https:\/\/larissa-reinelt.com\/index.php?rest_route=\/wp\/v2\/product\/459","targetHints":{"allow":["GET"]}}],"collection":[{"href":"https:\/\/larissa-reinelt.com\/index.php?rest_route=\/wp\/v2\/product"}],"about":[{"href":"https:\/\/larissa-reinelt.com\/index.php?rest_route=\/wp\/v2\/types\/product"}],"replies":[{"embeddable":true,"href":"https:\/\/larissa-reinelt.com\/index.php?rest_route=%2Fwp%2Fv2%2Fcomments&post=459"}],"wp:featuredmedia":[{"embeddable":true,"href":"https:\/\/larissa-reinelt.com\/index.php?rest_route=\/wp\/v2\/media\/460"}],"wp:attachment":[{"href":"https:\/\/larissa-reinelt.com\/index.php?rest_route=%2Fwp%2Fv2%2Fmedia&parent=459"}],"wp:term":[{"taxonomy":"product_brand","embeddable":true,"href":"https:\/\/larissa-reinelt.com\/index.php?rest_route=%2Fwp%2Fv2%2Fproduct_brand&post=459"},{"taxonomy":"product_cat","embeddable":true,"href":"https:\/\/larissa-reinelt.com\/index.php?rest_route=%2Fwp%2Fv2%2Fproduct_cat&post=459"},{"taxonomy":"product_tag","embeddable":true,"href":"https:\/\/larissa-reinelt.com\/index.php?rest_route=%2Fwp%2Fv2%2Fproduct_tag&post=459"}],"curies":[{"name":"wp","href":"https:\/\/api.w.org\/{rel}","templated":true}]}}