{"id":593,"date":"2022-11-26T18:12:02","date_gmt":"2022-11-26T18:12:02","guid":{"rendered":"http:\/\/larissa-reinelt.com\/?post_type=product&#038;p=593"},"modified":"2023-11-09T10:58:46","modified_gmt":"2023-11-09T10:58:46","slug":"webinar-how-to-handle-your-post-competition-business","status":"publish","type":"product","link":"https:\/\/larissa-reinelt.com\/?product=webinar-how-to-handle-your-post-competition-business","title":{"rendered":"Webinar &#8222;How To Handle Your Post Competition Business&#8220;"},"content":{"rendered":"<h2>Inhalt<\/h2>\n<p><strong>05.12.2023<\/strong><\/p>\n<p><strong>19-21 Uhr<\/strong><\/p>\n<p>Mit dem Kauf dieses Produkts erh\u00e4ltst du eine herunterladbarer PDF-Datei, die dir den Link zum Live-Zoom-Seminar &#8222;How To Handle Your Post Competition Business&#8220; bereitstellt. In diesem Seminar geht es rund um das Thema &#8222;Post Competition&#8220;. Wir m\u00f6chten dir in mit Seminar helfen so gut wie m\u00f6glich in die &#8222;Off-Season&#8220; zu finden und besprechen deshalb insbesondere Themen wie:<\/p>\n<h3><em><strong>1. Detox + Reverse-Diet<\/strong><\/em><\/h3>\n<p>Was ist ein sog. &#8222;Detox&#8220; und warum macht dieser direkt nach dem letzten Wettkampf Sinn? Wie sieht ein solcher Detox aus? Wie lang sollte er sein? Wie trainiere ich w\u00e4hrend des Detox&#8216;?<\/p>\n<p>Wie di\u00e4te ich richtig aus? Wann erh\u00f6he ich meine Kalorien um m\u00f6glichst fettfrei Muskulatur zuzunehmen? Welche Faktoren sollte ich noch beachten? Wann ist eine Reverse-Diet beendet?<\/p>\n<h3><em><strong>2. Mental Health<\/strong><\/em><\/h3>\n<p>Nach dem letzten Wettkampf fallen viele Athleten in die sog. &#8222;Post Competition Depression&#8220;. Keinen Tag X mehr vor Augen, eine &#8222;weicher&#8220; werdende Form, weniger Zuspruch von Au\u00dfen, etc.<\/p>\n<p>Wir zeigen dir auf, wie du diese Phase mit einfachen Tipps und Tricks meisterst.<\/p>\n<h3><em><strong>4. Menstruations-Zyklus<\/strong><\/em><\/h3>\n<p>Viele weibliche Athleten haben bereits w\u00e4hrend ihrer Wettkampf-Di\u00e4t mit einem ausbleibenden oder unregelm\u00e4\u00dfigen Zyklus zu k\u00e4mpfen. Wir besprechen unter anderem Themen wie: Warum brauche ich einen gut funktionierenden Zyklus? Wann spricht man von einer Zyklusst\u00f6rung? Was sind potentielle Ursachen f\u00fcr eine ausbleibende Periode? Wie kann ich meinen Zyklus (in der n\u00e4chsten Di\u00e4t) unterst\u00fctzen\/positiv beeinflussen?<\/p>\n<p>&nbsp;<\/p>\n<h3><strong>Du erh\u00e4ltst:<\/strong><\/h3>\n<ul>\n<li>Zugang zum Live-Zoom-Webinar<\/li>\n<li>Beispielhaften Detox-Plan<\/li>\n<li>Aufzeichnung des Webinars (Video + Ton)<\/li>\n<\/ul>\n<p>&nbsp;<\/p>\n<p>Viel Spa\u00df w\u00fcnscht das L2G-Team, insbesondere:<\/p>\n<p>Deine Mia &amp; Larry<\/p>\n","protected":false},"excerpt":{"rendered":"<p>Inhalt 05.12.2023 19-21 Uhr Mit dem Kauf dieses Produkts erh\u00e4ltst du eine herunterladbarer PDF-Datei, die dir den Link zum Live-Zoom-Seminar &#8222;How To Handle Your Post Competition Business&#8220; bereitstellt. In diesem Seminar geht es rund um das Thema &#8222;Post Competition&#8220;. Wir m\u00f6chten dir in mit Seminar helfen so gut wie m\u00f6glich in die &#8222;Off-Season&#8220; zu finden &hellip; <\/p>\n","protected":false},"featured_media":0,"comment_status":"open","ping_status":"closed","template":"","meta":[],"product_brand":[],"product_cat":[15,37],"product_tag":[],"class_list":{"0":"post-593","1":"product","2":"type-product","3":"status-publish","5":"product_cat-unkategorisiert","6":"product_cat-webinare","8":"first","9":"instock","10":"downloadable","11":"virtual","12":"taxable","13":"purchasable","14":"product-type-simple"},"jetpack_sharing_enabled":true,"_links":{"self":[{"href":"https:\/\/larissa-reinelt.com\/index.php?rest_route=\/wp\/v2\/product\/593","targetHints":{"allow":["GET"]}}],"collection":[{"href":"https:\/\/larissa-reinelt.com\/index.php?rest_route=\/wp\/v2\/product"}],"about":[{"href":"https:\/\/larissa-reinelt.com\/index.php?rest_route=\/wp\/v2\/types\/product"}],"replies":[{"embeddable":true,"href":"https:\/\/larissa-reinelt.com\/index.php?rest_route=%2Fwp%2Fv2%2Fcomments&post=593"}],"wp:attachment":[{"href":"https:\/\/larissa-reinelt.com\/index.php?rest_route=%2Fwp%2Fv2%2Fmedia&parent=593"}],"wp:term":[{"taxonomy":"product_brand","embeddable":true,"href":"https:\/\/larissa-reinelt.com\/index.php?rest_route=%2Fwp%2Fv2%2Fproduct_brand&post=593"},{"taxonomy":"product_cat","embeddable":true,"href":"https:\/\/larissa-reinelt.com\/index.php?rest_route=%2Fwp%2Fv2%2Fproduct_cat&post=593"},{"taxonomy":"product_tag","embeddable":true,"href":"https:\/\/larissa-reinelt.com\/index.php?rest_route=%2Fwp%2Fv2%2Fproduct_tag&post=593"}],"curies":[{"name":"wp","href":"https:\/\/api.w.org\/{rel}","templated":true}]}}