{"id":607,"date":"2022-11-27T21:57:44","date_gmt":"2022-11-27T21:57:44","guid":{"rendered":"http:\/\/larissa-reinelt.com\/?post_type=product&#038;p=607"},"modified":"2022-11-27T21:57:44","modified_gmt":"2022-11-27T21:57:44","slug":"lzt-ii-men-gym","status":"publish","type":"product","link":"https:\/\/larissa-reinelt.com\/?product=lzt-ii-men-gym","title":{"rendered":"LZT II Men Gym"},"content":{"rendered":"<p>Dieses LZT 2 \u2013 Format ist<\/p>\n<ul>\n<li>f\u00fcrs <strong>Fitnessstudio<\/strong><\/li>\n<li>speziell f\u00fcr <strong>M\u00e4nner<\/strong><\/li>\n<li>ein 4er Split (Arme+Schultern, Beine, Push, Pull)<\/li>\n<li><strong>nicht<\/strong> f\u00fcr absolute Einsteiger<\/li>\n<li>im <strong>Excel<\/strong>-Format<\/li>\n<li>im besten Fall per PC herunterzuladen<\/li>\n<li>f\u00fcr insgesamt <strong>40 Trainingseinheiten<\/strong> ausgelegt<\/li>\n<li>verdammt hart ABER verdammt effektiv<\/li>\n<\/ul>\n","protected":false},"excerpt":{"rendered":"<p>Dieses LZT 2 \u2013 Format ist f\u00fcrs Fitnessstudio speziell f\u00fcr M\u00e4nner ein 4er Split (Arme+Schultern, Beine, Push, Pull) nicht f\u00fcr absolute Einsteiger im Excel-Format im besten Fall per PC herunterzuladen f\u00fcr insgesamt 40 Trainingseinheiten ausgelegt verdammt hart ABER verdammt effektiv<\/p>\n","protected":false},"featured_media":609,"comment_status":"open","ping_status":"closed","template":"","meta":[],"product_brand":[],"product_cat":[36],"product_tag":[],"class_list":{"0":"post-607","1":"product","2":"type-product","3":"status-publish","4":"has-post-thumbnail","6":"product_cat-trainingsplaene","8":"first","9":"instock","10":"downloadable","11":"virtual","12":"taxable","13":"purchasable","14":"product-type-simple"},"jetpack_sharing_enabled":true,"_links":{"self":[{"href":"https:\/\/larissa-reinelt.com\/index.php?rest_route=\/wp\/v2\/product\/607","targetHints":{"allow":["GET"]}}],"collection":[{"href":"https:\/\/larissa-reinelt.com\/index.php?rest_route=\/wp\/v2\/product"}],"about":[{"href":"https:\/\/larissa-reinelt.com\/index.php?rest_route=\/wp\/v2\/types\/product"}],"replies":[{"embeddable":true,"href":"https:\/\/larissa-reinelt.com\/index.php?rest_route=%2Fwp%2Fv2%2Fcomments&post=607"}],"wp:featuredmedia":[{"embeddable":true,"href":"https:\/\/larissa-reinelt.com\/index.php?rest_route=\/wp\/v2\/media\/609"}],"wp:attachment":[{"href":"https:\/\/larissa-reinelt.com\/index.php?rest_route=%2Fwp%2Fv2%2Fmedia&parent=607"}],"wp:term":[{"taxonomy":"product_brand","embeddable":true,"href":"https:\/\/larissa-reinelt.com\/index.php?rest_route=%2Fwp%2Fv2%2Fproduct_brand&post=607"},{"taxonomy":"product_cat","embeddable":true,"href":"https:\/\/larissa-reinelt.com\/index.php?rest_route=%2Fwp%2Fv2%2Fproduct_cat&post=607"},{"taxonomy":"product_tag","embeddable":true,"href":"https:\/\/larissa-reinelt.com\/index.php?rest_route=%2Fwp%2Fv2%2Fproduct_tag&post=607"}],"curies":[{"name":"wp","href":"https:\/\/api.w.org\/{rel}","templated":true}]}}