{"id":663,"date":"2023-01-10T16:52:59","date_gmt":"2023-01-10T16:52:59","guid":{"rendered":"http:\/\/larissa-reinelt.com\/?post_type=product&#038;p=663"},"modified":"2023-01-10T16:55:37","modified_gmt":"2023-01-10T16:55:37","slug":"aufzeichnung-webinar-how-to-reach-your-goals","status":"publish","type":"product","link":"https:\/\/larissa-reinelt.com\/?product=aufzeichnung-webinar-how-to-reach-your-goals","title":{"rendered":"Aufzeichnung Webinar &#8222;How To Reach Your Goals&#8220;"},"content":{"rendered":"<p>Mit diesem Produkt erh\u00e4ltst du eine downloadbare PDF-Datei, die dich \u00fcber einen Link zu den Materialien des Webinars vom 08.01.2023 &#8222;How To Reach Your Goals&#8220; f\u00fchrt.<\/p>\n<p>Du erh\u00e4ltst:<\/p>\n<ol>\n<li>Aufzeichnung des Webinars (Video + Ton)<\/li>\n<li>Aufzeichnung des Webinars (nur Ton)<\/li>\n<li>Workbook mit \u00fcber 30 Seiten Theorie und Praxis<\/li>\n<li>Habit-Tracker<\/li>\n<li>L2G-Lizenzstruktur<\/li>\n<\/ol>\n<p>Viel Spa\u00df und Erfolg beim Erreichen deiner Ziele,<\/p>\n<p>Euer L2G-Team<\/p>\n","protected":false},"excerpt":{"rendered":"<p>Mit diesem Produkt erh\u00e4ltst du eine downloadbare PDF-Datei, die dich \u00fcber einen Link zu den Materialien des Webinars vom 08.01.2023 &#8222;How To Reach Your Goals&#8220; f\u00fchrt. Du erh\u00e4ltst: Aufzeichnung des Webinars (Video + Ton) Aufzeichnung des Webinars (nur Ton) Workbook mit \u00fcber 30 Seiten Theorie und Praxis Habit-Tracker L2G-Lizenzstruktur Viel Spa\u00df und Erfolg beim Erreichen &hellip; <\/p>\n","protected":false},"featured_media":666,"comment_status":"open","ping_status":"closed","template":"","meta":[],"product_brand":[],"product_cat":[15],"product_tag":[],"class_list":{"0":"post-663","1":"product","2":"type-product","3":"status-publish","4":"has-post-thumbnail","6":"product_cat-unkategorisiert","8":"first","9":"instock","10":"downloadable","11":"virtual","12":"taxable","13":"purchasable","14":"product-type-simple"},"jetpack_sharing_enabled":true,"_links":{"self":[{"href":"https:\/\/larissa-reinelt.com\/index.php?rest_route=\/wp\/v2\/product\/663","targetHints":{"allow":["GET"]}}],"collection":[{"href":"https:\/\/larissa-reinelt.com\/index.php?rest_route=\/wp\/v2\/product"}],"about":[{"href":"https:\/\/larissa-reinelt.com\/index.php?rest_route=\/wp\/v2\/types\/product"}],"replies":[{"embeddable":true,"href":"https:\/\/larissa-reinelt.com\/index.php?rest_route=%2Fwp%2Fv2%2Fcomments&post=663"}],"wp:featuredmedia":[{"embeddable":true,"href":"https:\/\/larissa-reinelt.com\/index.php?rest_route=\/wp\/v2\/media\/666"}],"wp:attachment":[{"href":"https:\/\/larissa-reinelt.com\/index.php?rest_route=%2Fwp%2Fv2%2Fmedia&parent=663"}],"wp:term":[{"taxonomy":"product_brand","embeddable":true,"href":"https:\/\/larissa-reinelt.com\/index.php?rest_route=%2Fwp%2Fv2%2Fproduct_brand&post=663"},{"taxonomy":"product_cat","embeddable":true,"href":"https:\/\/larissa-reinelt.com\/index.php?rest_route=%2Fwp%2Fv2%2Fproduct_cat&post=663"},{"taxonomy":"product_tag","embeddable":true,"href":"https:\/\/larissa-reinelt.com\/index.php?rest_route=%2Fwp%2Fv2%2Fproduct_tag&post=663"}],"curies":[{"name":"wp","href":"https:\/\/api.w.org\/{rel}","templated":true}]}}