{"id":721,"date":"2023-02-24T23:32:26","date_gmt":"2023-02-24T23:32:26","guid":{"rendered":"http:\/\/larissa-reinelt.com\/?post_type=product&#038;p=721"},"modified":"2023-02-24T23:32:26","modified_gmt":"2023-02-24T23:32:26","slug":"pruefung-zum-faszientrainer","status":"publish","type":"product","link":"https:\/\/larissa-reinelt.com\/?product=pruefung-zum-faszientrainer","title":{"rendered":"Pr\u00fcfung zum Faszientrainer"},"content":{"rendered":"<div>\n<p><strong>Pr\u00fcfung<\/strong><\/p>\n<ul>\n<li>die Pr\u00fcfung findet online \u00fcber Zoom statt<\/li>\n<li>im ersten Teil werden m\u00fcndliche Fragen zu den Inhalten des Webinars und des Arbeitsmaterials &#8222;Faszination Faszien&#8220; gestellt<\/li>\n<li>im zweiten Teil werden dem Pr\u00fcfling a)\u00a0typische orthop\u00e4dische Beschwerden und b)\u00a0eine der Faszienleitlinien genannt, zu denen er jeweils 2 \u00dcbungen praktisch zeigen muss<\/li>\n<li>die Pr\u00fcfung gilt als bestanden wenn 90% der Fragen\/\u00dcbungen beantwortet\/gezeigt werden k\u00f6nnen<\/li>\n<\/ul>\n<p><strong>Teilnahmevoraussetzungen<\/strong><\/p>\n<\/div>\n<ul>\n<li><span class=\"S1PPyQ\">Teilnahme am Webinar &#8222;Faszien&#8220; oder Erwerb der Aufzeichnung<\/span><\/li>\n<\/ul>\n<p><strong>Pr\u00fcfungszeitpunkt<\/strong><\/p>\n<ul>\n<li><span class=\"S1PPyQ\">mit dem Kauf der Pr\u00fcfung erh\u00e4lt der K\u00e4ufer eine downloadbare PDF-Datei, in der er 3 Wunschtermine f\u00fcr eine Pr\u00fcfung vorgeben kann<\/span><\/li>\n<li><span class=\"S1PPyQ\">die Wunschtermine d\u00fcrfen fr\u00fchestens 2 Wochen nach dem Webinar liegen<\/span><\/li>\n<\/ul>\n","protected":false},"excerpt":{"rendered":"<p>Pr\u00fcfung die Pr\u00fcfung findet online \u00fcber Zoom statt im ersten Teil werden m\u00fcndliche Fragen zu den Inhalten des Webinars und des Arbeitsmaterials &#8222;Faszination Faszien&#8220; gestellt im zweiten Teil werden dem Pr\u00fcfling a)\u00a0typische orthop\u00e4dische Beschwerden und b)\u00a0eine der Faszienleitlinien genannt, zu denen er jeweils 2 \u00dcbungen praktisch zeigen muss die Pr\u00fcfung gilt als bestanden wenn 90% &hellip; <\/p>\n","protected":false},"featured_media":0,"comment_status":"open","ping_status":"closed","template":"","meta":[],"product_brand":[],"product_cat":[37],"product_tag":[],"class_list":{"0":"post-721","1":"product","2":"type-product","3":"status-publish","5":"product_cat-webinare","7":"first","8":"instock","9":"downloadable","10":"virtual","11":"taxable","12":"purchasable","13":"product-type-simple"},"jetpack_sharing_enabled":true,"_links":{"self":[{"href":"https:\/\/larissa-reinelt.com\/index.php?rest_route=\/wp\/v2\/product\/721","targetHints":{"allow":["GET"]}}],"collection":[{"href":"https:\/\/larissa-reinelt.com\/index.php?rest_route=\/wp\/v2\/product"}],"about":[{"href":"https:\/\/larissa-reinelt.com\/index.php?rest_route=\/wp\/v2\/types\/product"}],"replies":[{"embeddable":true,"href":"https:\/\/larissa-reinelt.com\/index.php?rest_route=%2Fwp%2Fv2%2Fcomments&post=721"}],"wp:attachment":[{"href":"https:\/\/larissa-reinelt.com\/index.php?rest_route=%2Fwp%2Fv2%2Fmedia&parent=721"}],"wp:term":[{"taxonomy":"product_brand","embeddable":true,"href":"https:\/\/larissa-reinelt.com\/index.php?rest_route=%2Fwp%2Fv2%2Fproduct_brand&post=721"},{"taxonomy":"product_cat","embeddable":true,"href":"https:\/\/larissa-reinelt.com\/index.php?rest_route=%2Fwp%2Fv2%2Fproduct_cat&post=721"},{"taxonomy":"product_tag","embeddable":true,"href":"https:\/\/larissa-reinelt.com\/index.php?rest_route=%2Fwp%2Fv2%2Fproduct_tag&post=721"}],"curies":[{"name":"wp","href":"https:\/\/api.w.org\/{rel}","templated":true}]}}