{"id":737,"date":"2023-03-07T09:14:39","date_gmt":"2023-03-07T09:14:39","guid":{"rendered":"http:\/\/larissa-reinelt.com\/?post_type=product&#038;p=737"},"modified":"2024-02-14T19:22:52","modified_gmt":"2024-02-14T19:22:52","slug":"webinar-how-to-handle-your-food-intake","status":"publish","type":"product","link":"https:\/\/larissa-reinelt.com\/?product=webinar-how-to-handle-your-food-intake","title":{"rendered":"Webinar: &#8222;How To Handle Your Food Intake&#8220;"},"content":{"rendered":"<h2>Wann?<\/h2>\n<p>25.02.24<\/p>\n<p>18Uhr (ca. 2h)<\/p>\n<p>per Zoom<\/p>\n<h2>Inhalt<\/h2>\n<p>In diesem Live-Zoom-Webinar &#8222;How To Handle Your Food Intake&#8220; geht es rund um das Thema \u201eKalorien, Makros und Mealtiming\u201c. Wir m\u00f6chten dir in diesem Webinar Food-Programming n\u00e4her bringen, sodass du dieses bei dir selbst und bei anderen anwenden kannst:<\/p>\n<h3><em><strong>1. Kcal-Intake<\/strong><\/em><\/h3>\n<p>Wie finde ich die richtigen Kalorien f\u00fcr unterschiedliche Personen und unterschiedliche Ziele wie Muskelaufbau, Fettreduktion, etc.? Was ist ein Erhalt, \u00dcberschuss und Defizit?<\/p>\n<h3><em><strong>2. Makro-Verteilung<\/strong><\/em><\/h3>\n<p>Wie finde ich f\u00fcr unterschiedliche Personen und unterschiedliche Ziele die richtige Makro-Verteilung? Welche Makro-N\u00e4hrstoff ist f\u00fcr welche Prozesse im K\u00f6rper relevant und zust\u00e4ndig?<\/p>\n<h3><strong style=\"font-style: italic;\">3. Mealtiming<\/strong><\/h3>\n<p>Wie sieht ein korrektes zielorientiertes Mealtiming aus und wie l\u00e4sst es sich umsetzen?<\/p>\n<h3><strong>Du erh\u00e4ltst:<\/strong><\/h3>\n<ul>\n<li>Beispielshafte Ern\u00e4hrungspl\u00e4ne inkl. Mealtiming<\/li>\n<li>Zusammenfassung der theoretischen Inhalte des Webinars<\/li>\n<li>Aufzeichnung des Webinars (Video + Ton)<\/li>\n<li>Aufzeichnung des Webinars (nur Ton)<\/li>\n<li>10 L2G-Lizenzpunkte im Bereich &#8222;Nutrition&#8220;<\/li>\n<\/ul>\n<p>&nbsp;<\/p>\n<p>Viel Spa\u00df w\u00fcnscht das L2G-Team, insbesondere:<\/p>\n<p>Deine Anni &amp; Larry<\/p>\n","protected":false},"excerpt":{"rendered":"<p>Wann? 25.02.24 18Uhr (ca. 2h) per Zoom Inhalt In diesem Live-Zoom-Webinar &#8222;How To Handle Your Food Intake&#8220; geht es rund um das Thema \u201eKalorien, Makros und Mealtiming\u201c. Wir m\u00f6chten dir in diesem Webinar Food-Programming n\u00e4her bringen, sodass du dieses bei dir selbst und bei anderen anwenden kannst: 1. Kcal-Intake Wie finde ich die richtigen Kalorien &hellip; <\/p>\n","protected":false},"featured_media":1240,"comment_status":"open","ping_status":"closed","template":"","meta":[],"product_brand":[],"product_cat":[37],"product_tag":[],"class_list":{"0":"post-737","1":"product","2":"type-product","3":"status-publish","4":"has-post-thumbnail","6":"product_cat-webinare","8":"first","9":"instock","10":"downloadable","11":"virtual","12":"taxable","13":"purchasable","14":"product-type-simple"},"jetpack_sharing_enabled":true,"_links":{"self":[{"href":"https:\/\/larissa-reinelt.com\/index.php?rest_route=\/wp\/v2\/product\/737","targetHints":{"allow":["GET"]}}],"collection":[{"href":"https:\/\/larissa-reinelt.com\/index.php?rest_route=\/wp\/v2\/product"}],"about":[{"href":"https:\/\/larissa-reinelt.com\/index.php?rest_route=\/wp\/v2\/types\/product"}],"replies":[{"embeddable":true,"href":"https:\/\/larissa-reinelt.com\/index.php?rest_route=%2Fwp%2Fv2%2Fcomments&post=737"}],"wp:featuredmedia":[{"embeddable":true,"href":"https:\/\/larissa-reinelt.com\/index.php?rest_route=\/wp\/v2\/media\/1240"}],"wp:attachment":[{"href":"https:\/\/larissa-reinelt.com\/index.php?rest_route=%2Fwp%2Fv2%2Fmedia&parent=737"}],"wp:term":[{"taxonomy":"product_brand","embeddable":true,"href":"https:\/\/larissa-reinelt.com\/index.php?rest_route=%2Fwp%2Fv2%2Fproduct_brand&post=737"},{"taxonomy":"product_cat","embeddable":true,"href":"https:\/\/larissa-reinelt.com\/index.php?rest_route=%2Fwp%2Fv2%2Fproduct_cat&post=737"},{"taxonomy":"product_tag","embeddable":true,"href":"https:\/\/larissa-reinelt.com\/index.php?rest_route=%2Fwp%2Fv2%2Fproduct_tag&post=737"}],"curies":[{"name":"wp","href":"https:\/\/api.w.org\/{rel}","templated":true}]}}