{"id":901,"date":"2023-07-10T11:24:53","date_gmt":"2023-07-10T11:24:53","guid":{"rendered":"http:\/\/larissa-reinelt.com\/?post_type=product&#038;p=901"},"modified":"2023-08-30T06:32:55","modified_gmt":"2023-08-30T06:32:55","slug":"webinar-how-to-handle-your-coaching-business","status":"publish","type":"product","link":"https:\/\/larissa-reinelt.com\/?product=webinar-how-to-handle-your-coaching-business","title":{"rendered":"Workbook &#8222;How To Handle Your Coaching Business&#8220;"},"content":{"rendered":"<p>Du bist selbst Coach oder m\u00f6chtest dich k\u00fcnftig mit (Online-)Coaching selbstst\u00e4ndig machen? Dann ist das DEIN Workbook!<\/p>\n<h3>Inhalt:<\/h3>\n<p>In diesem Workbook kl\u00e4ren unter anderem bei folgenden Fragen auf:<\/p>\n<ul>\n<li>Wie gestalte ich eine Anamnese? Welche Informationen ben\u00f6tige ich?<\/li>\n<li>Welche Lizenzen sollte ich f\u00fcr ein (Online-)Coaching haben\/erwerben?<\/li>\n<li>Welche Soft-Skills sollte ich haben? Wie st\u00fctze ich meine Coachees mental?<\/li>\n<li>Was darf ein Coaching kosten?<\/li>\n<li>Welche Betreuungs- und Kommunikations-Tools kann ich nutzen?<\/li>\n<li>Wie gehe ich mit Feedback und Kritik um?<\/li>\n<li>Wie kann man den Ablauf und Aufbau eines (Online-)Coachings gestalten?<\/li>\n<li>Wie f\u00fchre ich Erfolgskontrollen durch?<\/li>\n<\/ul>\n<p>Wir freuen uns auf viele k\u00fcnftige Coaches und diejenigen, die ihr Coaching-Business auf ein neues Level bringen wollen.<\/p>\n<p>&nbsp;<\/p>\n<p>Dein Team L2g, vor allem Anni und Mia<\/p>\n","protected":false},"excerpt":{"rendered":"<p>Du bist selbst Coach oder m\u00f6chtest dich k\u00fcnftig mit (Online-)Coaching selbstst\u00e4ndig machen? Dann ist das DEIN Workbook! Inhalt: In diesem Workbook kl\u00e4ren unter anderem bei folgenden Fragen auf: Wie gestalte ich eine Anamnese? Welche Informationen ben\u00f6tige ich? Welche Lizenzen sollte ich f\u00fcr ein (Online-)Coaching haben\/erwerben? Welche Soft-Skills sollte ich haben? Wie st\u00fctze ich meine Coachees &hellip; <\/p>\n","protected":false},"featured_media":969,"comment_status":"open","ping_status":"closed","template":"","meta":[],"product_brand":[],"product_cat":[15,37],"product_tag":[],"class_list":{"0":"post-901","1":"product","2":"type-product","3":"status-publish","4":"has-post-thumbnail","6":"product_cat-unkategorisiert","7":"product_cat-webinare","9":"first","10":"instock","11":"downloadable","12":"virtual","13":"taxable","14":"purchasable","15":"product-type-simple"},"jetpack_sharing_enabled":true,"_links":{"self":[{"href":"https:\/\/larissa-reinelt.com\/index.php?rest_route=\/wp\/v2\/product\/901","targetHints":{"allow":["GET"]}}],"collection":[{"href":"https:\/\/larissa-reinelt.com\/index.php?rest_route=\/wp\/v2\/product"}],"about":[{"href":"https:\/\/larissa-reinelt.com\/index.php?rest_route=\/wp\/v2\/types\/product"}],"replies":[{"embeddable":true,"href":"https:\/\/larissa-reinelt.com\/index.php?rest_route=%2Fwp%2Fv2%2Fcomments&post=901"}],"wp:featuredmedia":[{"embeddable":true,"href":"https:\/\/larissa-reinelt.com\/index.php?rest_route=\/wp\/v2\/media\/969"}],"wp:attachment":[{"href":"https:\/\/larissa-reinelt.com\/index.php?rest_route=%2Fwp%2Fv2%2Fmedia&parent=901"}],"wp:term":[{"taxonomy":"product_brand","embeddable":true,"href":"https:\/\/larissa-reinelt.com\/index.php?rest_route=%2Fwp%2Fv2%2Fproduct_brand&post=901"},{"taxonomy":"product_cat","embeddable":true,"href":"https:\/\/larissa-reinelt.com\/index.php?rest_route=%2Fwp%2Fv2%2Fproduct_cat&post=901"},{"taxonomy":"product_tag","embeddable":true,"href":"https:\/\/larissa-reinelt.com\/index.php?rest_route=%2Fwp%2Fv2%2Fproduct_tag&post=901"}],"curies":[{"name":"wp","href":"https:\/\/api.w.org\/{rel}","templated":true}]}}